{"id":147,"date":"2021-03-05T00:51:41","date_gmt":"2021-03-04T22:51:41","guid":{"rendered":"https:\/\/shakuhachi.fi\/?page_id=147"},"modified":"2023-03-19T12:13:49","modified_gmt":"2023-03-19T10:13:49","slug":"termisto","status":"publish","type":"page","link":"https:\/\/shakuhachi.fi\/en\/termisto\/","title":{"rendered":"Glossary"},"content":{"rendered":"<p>Suuri osa termist\u00f6st\u00e4 on japaniksi, mutta mukaan on kootaan my\u00f6s shakuhachiin liittyv\u00e4\u00e4 englannin ja suomenkielist\u00e4 termist\u00f6\u00e4. Japaninkieliset termit eroteltu t\u00e4ss\u00e4 kurssiivilla.<\/p>\n\n\n\n<p>Termist\u00f6 ei sis\u00e4ll\u00e4 shakuhachiin liittyvi\u00e4 paikkoja ja ihmisi\u00e4. Heist\u00e4 voit lukea lis\u00e4\u00e4 <a href=\"https:\/\/shakuhachi.fi\/en\/tietoa\/\">t\u00e4\u00e4ll\u00e4<\/a>.<\/p>\n\n\n\n<p>Pyynt\u00f6j\u00e4 lis\u00e4yksist\u00e4 termist\u00f6\u00f6n voi l\u00e4hett\u00e4\u00e4 osoitteeseen info@shakuhachi.fi<\/p>\n\n\n\n<p>huom. pitk\u00e4 o voidaan kirjoittaa japanin kielen romanisoinnissa joko \u014d tai ou, mutta monesti n\u00e4kee sit\u00e4 kirjoitettavan my\u00f6s yhdell\u00e4 o-kirjaimella, joten esm. t\u00e4ss\u00e4 luettelossa termi &#8221;<em>my\u014dan<\/em>&#8221; voi n\u00e4ky\u00e4 eri l\u00e4hteiss\u00e4 kirjoitettuna vaikkapa vain &#8221;<em>myoan<\/em>&#8221;.<\/p>\n\n\n\n<figure class=\"wp-block-table\"><table><tbody><tr><td><em>shakuhachi<\/em><\/td><td>japanilainen p\u00e4\u00e4st\u00e4 puhallettava bambuhuilu, jonka ansatsi (=suun asettelu ja asento soittimeen n\u00e4hden) muodostetaan bambuun tehty\u00e4 viistett\u00e4 vasten. <br>Kirjaimellisesti nimi tulee sanoista shaku (mittayksikk\u00f6) ja hachi (kahdeksan). <br>Nimeys mittayksik\u00f6n mukaan tulee yleisest\u00e4 shakuhachin standardimitasta joka on 1,8 shakua. Eli noin 54cm<br><br>Kts. tarkemmin <a href=\"https:\/\/shakuhachi.fi\/en\/perustietoplajays-mika-on-shakuhachi\/\">t\u00e4\u00e4lt\u00e4<\/a>.<\/td><\/tr><tr><td><em>shaku<\/em><\/td><td>japanilainen mittayksikk\u00f6, n. 30.3cm (tarkemmin nykystandardin mukaisesti 30.303030303cm, eli 10\/33 metri\u00e4)<\/td><\/tr><tr><td>kan<\/td><td>Kirjaimellisesti &#8221;putki&#8221; &#8211; shakuhacheista puhuessa voidaan ilmaista ett\u00e4 soitin on tietynlainen shakuhachi tai tietyn tekij\u00e4n tekem\u00e4 ym. lis\u00e4\u00e4m\u00e4ll\u00e4 loppuun &#8221;kan&#8221;. Esimerkiksi &#8221;jinashi-kan&#8221; = jinashi-tyyppinen shakuhachi. Tai &#8221;kind\u014d-kan&#8221; Kind\u014d -nimisen rakentajan rakentama shakuhachi.<\/td><\/tr><tr><td><em>sun<\/em><\/td><td>1\/10 <em>shaku<\/em>a eli n. 3.03cm &#8211; japaniksi voidaan puhua <\/td><\/tr><tr><td>&#8230; 1.6 ; 1.7 ; 1.8 ; 1.9 ; 2.0 &#8230;<\/td><td>Eri shakuhachimittoja mitattuna<em> shaku<\/em>-mitalla. (Kts <em>shaku<\/em>)<br>Vaikka tyypillisin shakuhachi on nimenkin mukainen 1.8 shakua, on shakuhacheja kuitenkin olemassa monen muunkin mittaisia. Mit\u00e4 pidempi, sen matalampi \u00e4\u00e4ni.<\/td><\/tr><tr><td><em>utaguchi<\/em><\/td><td>shakuhachin suuaukko, johon puhalletaan<\/td><\/tr><tr><td><em>kanjiri<\/em><\/td><td>shakuhachin alap\u00e4\u00e4<\/td><\/tr><tr><td><em>j<em>\u014d<\/em>kan<\/em><\/td><td>ylempi puolikas shakuhachista, jossa on liitos (kts. nakatsugi)<\/td><\/tr><tr><td><em>gekan<\/em><\/td><td>alempi puolikas shakuhachista, jossa on liitos (kts. <em>nakatsugi<\/em>)<\/td><\/tr><tr><td><em>yubiana<\/em><\/td><td>sormirei\u00e4t<\/td><\/tr><tr><td><em>take<\/em><\/td><td>bambu<\/td><\/tr><tr><td><em>madake<\/em> (joskus my\u00f6s <em>nigadake<\/em> tai <em>otokodake<\/em>)<\/td><td>phyllostachus bambusoides, perinteisesti ainoa oikea bambulajike shakuhachien valmistamiseen. Suluissa harvinaisempia vaihtoehtoisia nimi\u00e4 lajikkeelle<\/td><\/tr><tr><td><em>hanko \/ yaki&#8217;in \/ kokuin<\/em><\/td><td><br>Yaki&#8217;in \/ kokuin (polttomerkki \/ kaiverrusmerkki) ovat tarkemmat termit shakuhacheissa esiintyville rakentajan merkeille, mutta etenkin maailmalla n\u00e4ihin viitataan usein termill\u00e4 hanko (joka japanissa yleens\u00e4 tarkoittaa leimasinta, jota k\u00e4ytet\u00e4\u00e4n allekirjoituksen sijasta)<br><\/td><\/tr><tr><td><br><em>bachigata-utaguchi \/ kinko-utaguchi<\/em><br><\/td><td><br>Shakuhachin suuaukko, jossa on kolmion mallinen upotus. Nimike &#8217;bachi-gata&#8217; eli &#8217;bachin mallinen&#8217; viittaa shamisen-kielisoittimen soitossa k\u00e4ytett\u00e4v\u00e4\u00e4n bachi -plektraan, sill\u00e4 bachigata-utaguchin muoto muistuttaa sit\u00e4. Yleisesti k\u00e4ytet\u00e4\u00e4n my\u00f6s termi\u00e4 kinko-utaguchi, sill\u00e4 bachigata yhdistet\u00e4\u00e4n yleens\u00e4 kinko-koulukuntaan ja mikkazukigata tozan-koulukuntaan, vaikka on my\u00f6s lukuisia muita koulukuntia jotka k\u00e4ytt\u00e4v\u00e4t n\u00e4it\u00e4 suuaukkomalleja.<br><\/td><\/tr><tr><td><br><em>mikkazukigata-utaguchi<\/em> \/ <em>tozan-utaguchi<\/em><br><\/td><td><br> Shakuhachin suuaukko, jossa on kuunsirpin mallinen upotus. Nimike &#8217;mikkazuki-gata&#8217; tarkoittaa kirjaimellisesti &#8217;kuunsirpin mallinen&#8217;. Yleisesti k\u00e4ytet\u00e4\u00e4n my\u00f6s termi\u00e4 tozan-utaguchi, sill\u00e4 mikkazukigata yhdistet\u00e4\u00e4n yleens\u00e4 tozan-koulukuntaan ja bachigata kinko-koulukuntaan, vaikka on my\u00f6s lukuisia muita koulukuntia jotka k\u00e4ytt\u00e4v\u00e4t n\u00e4it\u00e4 suuaukkomalleja. <br><\/td><\/tr><tr><td><br><em>my\u014dan-utaguchi<\/em><br><\/td><td><br>   Hieman mikkazukigata-utaguchia muistuttava py\u00f6re\u00e4n mallinen utaguchi-upotus, joka oli historiallisesti tyypillisempi. My\u014dan -nimi tulee Kiotossa sijaitsevasta temppelist\u00e4, joka toimi shakuhacheja soittavan buddhalaisen fuke-suuntauksen keski\u00f6ss\u00e4.<br><\/td><\/tr><tr><td><em>nakatsugi<\/em><\/td><td><br>Shakuhachin keskiliitos. Jiari-shakuhacheissa on tyypillisesti keskell\u00e4 yksi liitoskohta, josta shakuhachi voidaan erottaa kahteen osaan (ylempi = j\u014dkan, alempi = gekan)<br>Liitoskohta on olemassa l\u00e4hinn\u00e4 siksi ett\u00e4 jiari-shakuhachien monimutkainen ji-sisus on helpompi valmistaa kun shakuhachi on kahdessa osassa. Liitoskohta on monesti rakennettu niin tiukaksi, ettei shakuhachin jakaminen osiin kuljettamista varten ole tapana, vaan sen valmistuttua sit\u00e4 pidet\u00e4\u00e4n l\u00e4hinn\u00e4 aina kokonaisena. Jotkut rakentajat tekev\u00e4t tosin soittimia jossa liitos on l\u00f6yhempi jotta soitin olisi mahdollista useasti ottaa osiin kuljettamista varten. T\u00e4llaisessa k\u00e4yt\u00f6ss\u00e4 liitoksen lakka kuitenkin kuluu ja vaatii ennen pitk\u00e4\u00e4 uudelleenlakkausta.<br><\/td><\/tr><tr><td><em>urushi<\/em><\/td><td><br>Japanilainen lakka, jota valmistetaan Toxicodendron vernicifluum -puun mahlasta. Lakkaa k\u00e4ytet\u00e4\u00e4n shakuhachien sisustan lakkaamiseen. (my\u00f6s <em>jinashi-<\/em>shakuhacheissa k\u00e4ytet\u00e4\u00e4n usein lakkaa toisin kuin monesti v\u00e4\u00e4rin k\u00e4sitet\u00e4\u00e4n (kts. <em>ji <\/em> ja <em>jinashi<\/em>))<br><em>Urushi-<\/em>lakkaa k\u00e4ytet\u00e4\u00e4n Japanissa laaja-alaisesti my\u00f6s muissa k\u00e4sit\u00f6iss\u00e4 ja taiteissa.<br> <em>Urushi<\/em> on kuivuttuaan harmitonta, mutta m\u00e4rk\u00e4n\u00e4 se aiheuttaa monille allergista ihottumaa jos esm. shakuhachia valmistaessa joutuu kosketuksiin sen kanssa. (yleisen harhak\u00e4sityksen vastaisesti <strong>oikealla tavalla valmistettu<\/strong> urushilla p\u00e4\u00e4llystetty esine ei ole allergisoiva tai myrkyllinen. Lakan kuivumiseen voi kuitenkin menn\u00e4 huomattavan pitk\u00e4 aika ja on mahdollista ett\u00e4 oikeaoppista tekniikkaa oppimattomat rakentajat myyv\u00e4t huiluja, joiden lakka on viel\u00e4 allergisoivaa.)<br><br>kts. tarkemmin urushin allergiavaikutuksiin liittyen <a href=\"https:\/\/shakuhachi.fi\/en\/urushiallergia\/\">t\u00e4\u00e4lt\u00e4.<\/a><br><\/td><\/tr><tr><td><em>gomadake<\/em><\/td><td><br>Apiospora shiraiana -bakteerin tartunnan seurauksena mustat\u00e4pl\u00e4iseksi muuttunut bambu. Etenkin Etel\u00e4-Japanin <em>madake<\/em>-bambuissa (kts. <em>madake<\/em>) esiintyy t\u00e4t\u00e4, ja sit\u00e4 pidet\u00e4\u00e4n harvinaisen hyv\u00e4n\u00e4 kauniin ulkomuotonsa vuoksi niin japanilaisen teetaidetarvikkeiden, kuin shakuhachienkin valmistukseen.<br><\/td><\/tr><tr><td><em>ji<\/em><\/td><td><br><em>Tonoko<\/em>n ja <em>urushi<\/em> -lakan seos, jota k\u00e4ytet\u00e4\u00e4n p\u00e4\u00e4asiassa <em>jiari<\/em> -shakuhachien rakentamisessa. Hieman sekavasti <em>ji<\/em> sis\u00e4lt\u00e4\u00e4 <em>tonoko<\/em>-hiekkaa, eik\u00e4 <em>jinoko<\/em>-hiekkaa, jota puolestaan k\u00e4ytet\u00e4\u00e4n mm. japanilaisen keramiikan korjaustekniikassa <em>kintsugi<\/em>ssa. (kts. <em>jiari<\/em> liittyen syihin, miksi <em>ji<\/em>-t\u00e4ytett\u00e4 k\u00e4ytet\u00e4\u00e4n)<br><\/td><\/tr><tr><td><em>jinashi<\/em><\/td><td><br>Shakuhachi, jonka k\u00e4yt\u00f6ss\u00e4 ei ole k\u00e4ytetty ji-tahnaa, joka on tonoko-hiekan ja urushin seos. Yksinkertaistetusti voidaan sanoa, ett\u00e4 jiari -shakuhachi rakennetaan tarkasti vireeseen, jotta soittajalla olisi helpointa, mutta jinashi shakuhachit ovat luonnollisempia, vaihtelevempia, ja v\u00e4hemm\u00e4n tarkasti vireess\u00e4, eli soittajan t\u00e4ytyy mukautua soittimeen enemm\u00e4n.<br>Hyv\u00e4 jinashi voi kuitenkin olla hyvinkin arvokas, vaikka jiarin rakentaminen on tyypillisesti sit\u00e4 pitk\u00e4llisempi prosessi. <br><br>(kirjaimellisesti &#8221;ei-jit\u00e4&#8221;, sill\u00e4 ji = ji ja nashi = ei ole)<br><\/td><\/tr><tr><td><em>jiari<\/em><\/td><td><br>shakuhachi, jonka k\u00e4yt\u00f6ss\u00e4 on k\u00e4ytetty ji-tahnaa, joka on tonoko-hiekan ja urushin seos. Yksinkertaistetusti voidaan sanoa, ett\u00e4 jiari -shakuhachi rakennetaan tarkasti vireeseen, jotta soittajalla olisi helpointa, mutta jinashi shakuhachit ovat luonnollisempia, vaihtelevempia, ja v\u00e4hemm\u00e4n tarkasti vireess\u00e4, eli soittajan t\u00e4ytyy mukautua soittimeen enemm\u00e4n.<br>Hyv\u00e4 jinashi voi kuitenkin olla hyvinkin arvokas, vaikka jiarin rakentaminen on tyypillisesti sit\u00e4 pitk\u00e4llisempi prosessi. <br><br>(kirjaimellisesti &#8221;on jit\u00e4&#8221;, sill\u00e4 ji = ji ja ari = on) <br><\/td><\/tr><tr><td><em>hocchiku<\/em><\/td><td>Jinashi-shakuhachi vailla mink\u00e4\u00e4nlaista lakkakerrosta tai utaguchi-upotusta, yleens\u00e4 pitk\u00e4, eli matala\u00e4\u00e4ninen. Termi on Watazumi Doso -nimisen kuuluisan modernin ajan shakuhachin soittajan popularisoima.<\/td><\/tr><tr><td><em>kyotaku<\/em><\/td><td>Saman kaltainen huilu kuin hocchiku &#8211; my\u00f6skin lakaton ja upotukseton, pitk\u00e4 ja matala\u00e4\u00e4ninen. T\u00e4m\u00e4n termin on puolestaan popularisoinut toinen kuuluisa soittaja Kok\u016b Nishimura<\/td><\/tr><tr><td><em>nobekan \/ nobe<\/em><\/td><td>Shakuhachi, jossa ei ole keskell\u00e4 liitosta. Tyypillisesti jinashi soittimet ovat nobekan-soittimia, sill\u00e4 liitoskohdan p\u00e4\u00e4tarkoitus on helpottaa ji-kerroksen s\u00e4\u00e4t\u00e4mist\u00e4 jiari -shakuhachia tehdess\u00e4.<\/td><\/tr><tr><td><em>ch<em>\u014d<\/em>kan<\/em><\/td><td>Pitk\u00e4 shakuhachi. K\u00e4ytet\u00e4\u00e4n usein viitatessa mihin tahansa shakuhachiin jotka ovat merkitt\u00e4v\u00e4sti standardikokoa 1.8 isompia.<\/td><\/tr><tr><td><em>ry\u016bha<\/em><\/td><td><br>Koulukunta. Japanissa eri taidelajien ammattimainen ja korkean tason harrastelijatoiminta jakautuu eri koulukuntiin, joilla on oma j\u00e4senkuntansa, taitotasojen lisenssointisysteemins\u00e4 (kts taitotasot), sek\u00e4 johtajansa (kts. <em>iemoto<\/em>), joka on usein suvussa periytyv\u00e4 arvo.<br><em>Ry\u016bha <\/em>&#8211; sanaa k\u00e4ytet\u00e4\u00e4n merkityksess\u00e4 koulukunta silloin kun ei puhuta nimell\u00e4 jostakin tietyst\u00e4 koulukunnasta. (t\u00e4ss\u00e4 tapauksessa liitet\u00e4\u00e4n koulukunnan nimen per\u00e4\u00e4n vain <em>-ry\u016b<\/em>. (kts. &#8211;<em>ry\u016b<\/em>)<br><br>Useat perinteiset koulukunnat lukeutuvat <em>ry\u016bha<\/em> -tyyppisiin koulukuntiin, mutta on olemassa my\u00f6s monia shakuhachi-koulukuntia, joiden organisaatiomalli saattaa olla hyvin poikkeava ry\u016bha -koulukunnista, tai ne jostain muusta syyst\u00e4 eiv\u00e4t identifioi itse\u00e4\u00e4n (jotain)-<em>ry\u016b <\/em>-nimityksell\u00e4.<br>N\u00e4ihinkin kuitenkin Japanissa usein vedotaan yleistermill\u00e4 <em>ry\u016bha<\/em>, vaikka niiden nimiss\u00e4 ei k\u00e4ytet\u00e4 <em>-ry\u016b<\/em> -loppuliitett\u00e4.<br><br>kts. eri koulukunnista ja niiden soittotekniikoiden ja nuottien eroista <a href=\"https:\/\/shakuhachi.fi\/en\/koulukunnat\/\">t\u00e4\u00e4lt\u00e4<\/a><br><\/td><\/tr><tr><td><em>-ry<\/em>\u016b<\/td><td>p\u00e4\u00e4te, joka lis\u00e4t\u00e4\u00e4n joidenkin koulukuntien nimiin. (kts. <em>ry\u016bha<\/em>)<\/td><\/tr><tr><td>X <em>shaku<\/em> Y <em>sun<\/em><\/td><td>X <em>shakua<\/em>, Y <em>sunia<\/em> (korvaa X ja Y japanilaisilla numeroilla, huomioi ett\u00e4 numerot <em>ichi <\/em>= yksi ja <em>hachi <\/em>= kahdeksan t\u00e4ss\u00e4 tapauksessa lyhentyv\u00e4t muotoihin <em>i- <\/em>ja <em>ha- <\/em>(esm. <em>isshaku hassun<\/em> = 1.8, standarikokoisen shakuhachin mitta. Tai esm. <em>nishaku yonsun<\/em> = 2.4, eli 2 <em>shaku<\/em>a ja 4 <em>sun<\/em>ia = n. 72.7cm)<br><br>jap. numerot 1 &#8211; 9 = <em>ichi, ni, san, yon, go, roku, nana, hachi, ky\u016b<\/em><\/td><\/tr><tr><td><em>tonoko<\/em><\/td><td>ji-tahnaan k\u00e4ytett\u00e4v\u00e4 savip\u00f6ly (kts. jiari ja jinashi)<\/td><\/tr><tr><td><em>kyoku<\/em><\/td><td>Musiikkikappale<\/td><\/tr><tr><td><em>honkyoku<\/em><\/td><td>ns. &#8221;varsinainen kappale&#8221; K\u00e4ytet\u00e4\u00e4n mist\u00e4 tahansa shakuhachi-koulukuntien soittotraditiossa vakiintuneista kappaleista, jotka ovat shakuhachi-sooloja, eiv\u00e4tk\u00e4 yleens\u00e4 my\u00f6sk\u00e4\u00e4n ole sovituksia.<\/td><\/tr><tr><td><em>koten honkyoku<\/em><\/td><td>Historialliset shakuhachi-kappaleet &#8211; joiden miellet\u00e4\u00e4n periytyv\u00e4n esimodernilta ajalta alun perin kuulokorvalta oppimisen traditiona<\/td><\/tr><tr><td><em>gaikyoku<\/em><\/td><td><\/td><\/tr><tr><td><em>tokubetsukyoku<\/em><\/td><td><\/td><\/tr><tr><td><em>sankyoku<\/em><\/td><td><\/td><\/tr><tr><td><em>shinkyoku<\/em><\/td><td><\/td><\/tr><tr><td><em>h<em>\u014d<\/em>gaku<\/em><\/td><td><\/td><\/tr><tr><td><em>gagaku<\/em><\/td><td><\/td><\/tr><tr><td><em>t<em>\u014d<\/em>gaku<\/em><\/td><td><\/td><\/tr><tr><td><em>koto<\/em><\/td><td><\/td><\/tr><tr><td><em>shamisen<\/em><\/td><td><\/td><\/tr><tr><td><em>komus\u014d<\/em><\/td><td><\/td><\/tr><tr><td><em>komos\u014d<\/em><\/td><td><\/td><\/tr><tr><td><em>shoden<\/em><\/td><td><\/td><\/tr><tr><td><em>ch<em>\u016b<\/em>den<\/em><\/td><td><\/td><\/tr><tr><td><em>okuden<\/em><\/td><td><\/td><\/tr><tr><td><em>kaiden<\/em><\/td><td><\/td><\/tr><tr><td><em>jun-shihan<\/em><\/td><td><\/td><\/tr><tr><td><em>shihan<\/em><\/td><td><\/td><\/tr><tr><td><em>iemoto<\/em><\/td><td><\/td><\/tr><tr><td><em>min&#8217;y<em>\u014d<\/em><\/em><\/td><td><\/td><\/tr><tr><td><em>my\u014dan shakuhachi<\/em> \/ fuke shakuhachi<\/td><td>fuke -lahkon buddhalaisuuteen kuului olennaisesti shakuhachin soitto. 1.8 -pituus vakiintui my\u00f6s fuke-lahkon piiriss\u00e4, ilmeisesti 1500-luvun tienoilla. Myoan shakuhachien pituus on 1.8 shakua, mutta niiden vire on tyypillisesti hieman matalampi kuin 442 mukainen D-vire, joka on nykyisiss\u00e4 shakuhacheissa standardina. Niiss\u00e4 on my\u00f6s tyypillist\u00e4 loivempi utaguchin puhalliuskulma<\/td><\/tr><tr><td><\/td><td><\/td><\/tr><tr><td><\/td><td><\/td><\/tr><tr><td><\/td><td><\/td><\/tr><tr><td><\/td><td><\/td><\/tr><tr><td><\/td><td><\/td><\/tr><tr><td><\/td><td><\/td><\/tr><tr><td><\/td><td><\/td><\/tr><tr><td><\/td><td><\/td><\/tr><tr><td><\/td><td><\/td><\/tr><\/tbody><\/table><\/figure>\n\n\n\n<p><\/p>","protected":false},"excerpt":{"rendered":"<p>Suuri osa termist\u00f6st\u00e4 on japaniksi, mutta mukaan on kootaan my\u00f6s shakuhachiin liittyv\u00e4\u00e4 englannin ja suomenkielist\u00e4 termist\u00f6\u00e4. Japaninkieliset termit eroteltu t\u00e4ss\u00e4 kurssiivilla. Termist\u00f6 ei sis\u00e4ll\u00e4 shakuhachiin liittyvi\u00e4 paikkoja ja ihmisi\u00e4. Heist\u00e4 voit lukea lis\u00e4\u00e4 t\u00e4\u00e4ll\u00e4. Pyynt\u00f6j\u00e4 lis\u00e4yksist\u00e4 termist\u00f6\u00f6n voi l\u00e4hett\u00e4\u00e4 osoitteeseen info@shakuhachi.fi huom. pitk\u00e4 o voidaan kirjoittaa japanin kielen romanisoinnissa joko \u014d tai ou, mutta monesti<\/p><\/div>\n<div class=\"blog-btn\"><a href=\"https:\/\/shakuhachi.fi\/en\/termisto\/\" class=\"home-blog-btn\">Read More<\/a><\/p>","protected":false},"author":2,"featured_media":0,"parent":0,"menu_order":0,"comment_status":"closed","ping_status":"closed","template":"","meta":{"footnotes":""},"class_list":["post-147","page","type-page","status-publish","hentry"],"_links":{"self":[{"href":"https:\/\/shakuhachi.fi\/en\/wp-json\/wp\/v2\/pages\/147","targetHints":{"allow":["GET"]}}],"collection":[{"href":"https:\/\/shakuhachi.fi\/en\/wp-json\/wp\/v2\/pages"}],"about":[{"href":"https:\/\/shakuhachi.fi\/en\/wp-json\/wp\/v2\/types\/page"}],"author":[{"embeddable":true,"href":"https:\/\/shakuhachi.fi\/en\/wp-json\/wp\/v2\/users\/2"}],"replies":[{"embeddable":true,"href":"https:\/\/shakuhachi.fi\/en\/wp-json\/wp\/v2\/comments?post=147"}],"version-history":[{"count":9,"href":"https:\/\/shakuhachi.fi\/en\/wp-json\/wp\/v2\/pages\/147\/revisions"}],"predecessor-version":[{"id":459,"href":"https:\/\/shakuhachi.fi\/en\/wp-json\/wp\/v2\/pages\/147\/revisions\/459"}],"wp:attachment":[{"href":"https:\/\/shakuhachi.fi\/en\/wp-json\/wp\/v2\/media?parent=147"}],"curies":[{"name":"wp","href":"https:\/\/api.w.org\/{rel}","templated":true}]}}