{"id":244,"date":"2021-09-30T00:18:38","date_gmt":"2021-09-29T21:18:38","guid":{"rendered":"https:\/\/shakuhachi.fi\/?page_id=244"},"modified":"2021-11-16T01:06:16","modified_gmt":"2021-11-15T23:06:16","slug":"suomen-shakuhachi-ry","status":"publish","type":"page","link":"https:\/\/shakuhachi.fi\/en\/suomen-shakuhachi-ry\/","title":{"rendered":"Finnish Shakuhachi Society"},"content":{"rendered":"<p>Idea yhdistyksen perustamiseen syntyi syksyll\u00e4 2020 muutaman shakuhachin soittajan l\u00f6ydetty\u00e4 toisensa ja huomattua sen, kuinka paljon kiinnostusta ja innostusta soitinta kohtaan Suomessa on.<\/p>\n\n\n\n<div class=\"wp-block-columns is-layout-flex wp-container-core-columns-is-layout-9d6595d7 wp-block-columns-is-layout-flex\">\n<div class=\"wp-block-column is-layout-flow wp-block-column-is-layout-flow\" style=\"flex-basis:100%\">\n<figure class=\"wp-block-gallery columns-2 is-cropped wp-block-gallery-1 is-layout-flex wp-block-gallery-is-layout-flex\"><ul class=\"blocks-gallery-grid\"><li class=\"blocks-gallery-item\"><figure><img loading=\"lazy\" decoding=\"async\" width=\"1024\" height=\"767\" src=\"https:\/\/shakuhachi.fi\/wp-content\/uploads\/2021\/09\/shaku-1024x767.png\" alt=\"\" data-id=\"249\" data-full-url=\"https:\/\/shakuhachi.fi\/wp-content\/uploads\/2021\/09\/shaku.png\" data-link=\"https:\/\/shakuhachi.fi\/suomen-shakuhachi-ry\/attachment\/shaku\/\" class=\"wp-image-249\" srcset=\"https:\/\/shakuhachi.fi\/wp-content\/uploads\/2021\/09\/shaku-1024x767.png 1024w, https:\/\/shakuhachi.fi\/wp-content\/uploads\/2021\/09\/shaku-300x225.png 300w, https:\/\/shakuhachi.fi\/wp-content\/uploads\/2021\/09\/shaku-768x575.png 768w, https:\/\/shakuhachi.fi\/wp-content\/uploads\/2021\/09\/shaku.png 1136w\" sizes=\"auto, (max-width: 1024px) 100vw, 1024px\" \/><\/figure><\/li><li class=\"blocks-gallery-item\"><figure><img loading=\"lazy\" decoding=\"async\" width=\"1024\" height=\"726\" src=\"https:\/\/shakuhachi.fi\/wp-content\/uploads\/2021\/09\/2-1-1024x726.png\" alt=\"\" data-id=\"248\" data-full-url=\"https:\/\/shakuhachi.fi\/wp-content\/uploads\/2021\/09\/2-1.png\" data-link=\"https:\/\/shakuhachi.fi\/suomen-shakuhachi-ry\/attachment\/2-1\/\" class=\"wp-image-248\" srcset=\"https:\/\/shakuhachi.fi\/wp-content\/uploads\/2021\/09\/2-1-1024x726.png 1024w, https:\/\/shakuhachi.fi\/wp-content\/uploads\/2021\/09\/2-1-300x213.png 300w, https:\/\/shakuhachi.fi\/wp-content\/uploads\/2021\/09\/2-1-768x545.png 768w, https:\/\/shakuhachi.fi\/wp-content\/uploads\/2021\/09\/2-1.png 1328w\" sizes=\"auto, (max-width: 1024px) 100vw, 1024px\" \/><\/figure><\/li><\/ul><\/figure>\n<\/div>\n<\/div>\n\n\n\n<p>  Shakuhachi on paitsi monis\u00e4vyinen ja yksil\u00f6llinen soitin, my\u00f6s kulttuurin aarreaitta, joka kattaa sis\u00e4\u00e4ns\u00e4 soittimen v\u00e4rikk\u00e4\u00e4n historian sek\u00e4 Japanissa, ett\u00e4 maailmanlaajuisesti. T\u00e4t\u00e4 monis\u00e4vyisyytt\u00e4 kuvaa esimerkiksi se yksityiskohtainen pikkutarkkuus, jolla perinteiseen shakuhachiin sopiva materiaali valitaan &#8211; mik\u00e4 tahansa bambu ei suinkaan kelpaa, vaan asiantuntija valitsee vain tietyn lajin (madake) bambun, joka kasvaa juuri tietynlaisessa ymp\u00e4rist\u00f6ss\u00e4, ja silloinkin vain juuri mittasuhteiltaan ja i\u00e4lt\u00e4\u00e4n sopivan yksil\u00f6n. T\u00e4m\u00e4 on yhden shakuhachin alku ja sen ura soittimeksi ja soittajan k\u00e4dess\u00e4 on v\u00e4hint\u00e4\u00e4n yht\u00e4 t\u00e4ynn\u00e4 yksityiskohtaista k\u00e4dentaitoa.<\/p>\n\n\n\n<p>  Yhdistyksemme toimintaan sitoutuu sek\u00e4 n\u00e4iden perinteiden kunnioitus ja niist\u00e4n oppiminen, mutta my\u00f6s musiikillinen vapaus, improvisaatio ja shakuhachilla leikittely.<\/p>\n\n\n\n<p>  Yhdistys j\u00e4rjest\u00e4\u00e4 tapaamisia, joissa sen j\u00e4senet p\u00e4\u00e4sev\u00e4t t\u00e4t\u00e4 intohimoa toteuttamaan paitsi shakuhachin kuuntelemisen ja soittamisen, my\u00f6s soitinrakennuksen muodossa. Isompiin tapahtumiin liittyv\u00e4 tiedotus tapahtuu Discord-keskustelupalvelimen, sek\u00e4 s\u00e4hk\u00f6postitiedotuksen muodossa. (j\u00e4senille)<\/p>\n\n\n\n<p>  Tervetuloa mukaan! <\/p>\n\n\n\n<p><a href=\"https:\/\/shakuhachi.fi\/en\/jaseneksi\/\" data-type=\"page\" data-id=\"163\">Join<\/a><\/p>\n\n\n\n<p>  <\/p>","protected":false},"excerpt":{"rendered":"<p>Idea yhdistyksen perustamiseen syntyi syksyll\u00e4 2020 muutaman shakuhachin soittajan l\u00f6ydetty\u00e4 toisensa ja huomattua sen, kuinka paljon kiinnostusta ja innostusta soitinta kohtaan Suomessa on. Shakuhachi on paitsi monis\u00e4vyinen ja yksil\u00f6llinen soitin, my\u00f6s kulttuurin aarreaitta, joka kattaa sis\u00e4\u00e4ns\u00e4 soittimen v\u00e4rikk\u00e4\u00e4n historian sek\u00e4 Japanissa, ett\u00e4 maailmanlaajuisesti. T\u00e4t\u00e4 monis\u00e4vyisyytt\u00e4 kuvaa esimerkiksi se yksityiskohtainen pikkutarkkuus, jolla perinteiseen shakuhachiin sopiva materiaali<\/p><\/div>\n<div class=\"blog-btn\"><a href=\"https:\/\/shakuhachi.fi\/en\/suomen-shakuhachi-ry\/\" class=\"home-blog-btn\">Read More<\/a><\/p>","protected":false},"author":2,"featured_media":0,"parent":0,"menu_order":0,"comment_status":"closed","ping_status":"closed","template":"","meta":{"footnotes":""},"class_list":["post-244","page","type-page","status-publish","hentry"],"_links":{"self":[{"href":"https:\/\/shakuhachi.fi\/en\/wp-json\/wp\/v2\/pages\/244","targetHints":{"allow":["GET"]}}],"collection":[{"href":"https:\/\/shakuhachi.fi\/en\/wp-json\/wp\/v2\/pages"}],"about":[{"href":"https:\/\/shakuhachi.fi\/en\/wp-json\/wp\/v2\/types\/page"}],"author":[{"embeddable":true,"href":"https:\/\/shakuhachi.fi\/en\/wp-json\/wp\/v2\/users\/2"}],"replies":[{"embeddable":true,"href":"https:\/\/shakuhachi.fi\/en\/wp-json\/wp\/v2\/comments?post=244"}],"version-history":[{"count":4,"href":"https:\/\/shakuhachi.fi\/en\/wp-json\/wp\/v2\/pages\/244\/revisions"}],"predecessor-version":[{"id":341,"href":"https:\/\/shakuhachi.fi\/en\/wp-json\/wp\/v2\/pages\/244\/revisions\/341"}],"wp:attachment":[{"href":"https:\/\/shakuhachi.fi\/en\/wp-json\/wp\/v2\/media?parent=244"}],"curies":[{"name":"wp","href":"https:\/\/api.w.org\/{rel}","templated":true}]}}