{"id":26,"date":"2021-03-01T06:03:22","date_gmt":"2021-03-01T04:03:22","guid":{"rendered":"https:\/\/shakuhachi.fi\/?page_id=26"},"modified":"2024-12-19T20:25:38","modified_gmt":"2024-12-19T18:25:38","slug":"shakuhachimarkkinat","status":"publish","type":"page","link":"https:\/\/shakuhachi.fi\/en\/shakuhachimarkkinat\/","title":{"rendered":"Instruments for sale"},"content":{"rendered":"<p>N\u00e4ille sivuille listataan j\u00e4senten myynniss\u00e4 tai lainaan tarjottavia shakuhacheja, sek\u00e4 niihin kuuluvia lis\u00e4tarvikkeita, nuotteja, tai muuta japanilaiseen musiikkiin liittyv\u00e4\u00e4.<\/p>\n\n\n\n<p>Ilmoittaaksesi palstalla l\u00e4het\u00e4 ilmoitusteksti, kuvat ja ilmoitukseen liitett\u00e4v\u00e4t yhteystiedot osoitteeseen info@shakuhachi.fi (voit my\u00f6s ilmoittaa vaikkapa youtube -linkin \u00e4\u00e4nin\u00e4ytteeseen)<\/p>\n\n\n\n<p>Myyj\u00e4 on itse velvollinen varmistamaan ett\u00e4 verotusasiat ym. ovat kunnossa, kaupat k\u00e4yd\u00e4\u00e4n yksityishenkil\u00f6iden v\u00e4lill\u00e4, eik\u00e4 yhdistys ole sidoksissa niihin.<\/p>\n\n\n\n<p><\/p>\n\n\n\n<h3 class=\"wp-block-heading\">Shakuhachit:<\/h3>\n\n\n\n<hr class=\"wp-block-separator has-css-opacity\"\/>\n\n\n\n<div class=\"wp-block-media-text alignwide is-stacked-on-mobile\" style=\"grid-template-columns:60% auto\"><figure class=\"wp-block-media-text__media\"><img loading=\"lazy\" decoding=\"async\" width=\"768\" height=\"1024\" src=\"http:\/\/shakuhachi.fi\/wp-content\/uploads\/2024\/12\/1770015-768x1024.jpg\" alt=\"\" class=\"wp-image-565 size-full\" srcset=\"https:\/\/shakuhachi.fi\/wp-content\/uploads\/2024\/12\/1770015-768x1024.jpg 768w, https:\/\/shakuhachi.fi\/wp-content\/uploads\/2024\/12\/1770015-225x300.jpg 225w, https:\/\/shakuhachi.fi\/wp-content\/uploads\/2024\/12\/1770015-1152x1536.jpg 1152w, https:\/\/shakuhachi.fi\/wp-content\/uploads\/2024\/12\/1770015-9x12.jpg 9w, https:\/\/shakuhachi.fi\/wp-content\/uploads\/2024\/12\/1770015.jpg 1200w\" sizes=\"auto, (max-width: 768px) 100vw, 768px\" \/><\/figure><div class=\"wp-block-media-text__content\">\n<h2 class=\"wp-block-heading\">Shakuhachit<\/h2>\n\n\n\n<p>Jiari-shakuhacheja Japanista kunnostettuina &#8211; sek\u00e4 itse rakentamiani jinashi shakuhacheja.<\/p>\n\n\n\n<p>Lis\u00e4ksi on muutamia puisia soittimia jotka soivat hyvin edistyneenkiin soittoon ja ovat helppohoitoisempia kuin bambuiset.<\/p>\n\n\n\n<p>Aloittelijalle sopii my\u00f6s muovinen huilu.<\/p>\n\n\n\n<p>Soittimia on laidasta laitaan eri arvoisia 100-1000 \u20ac v\u00e4lilt\u00e4.<\/p>\n\n\n\n<p>Aika lailla mit\u00e4 kokoa \/ virett\u00e4 vain l\u00f6ytyy &#8211; joten ota yhteytt\u00e4. <\/p>\n\n\n\n<p>haavistoaaro@gmail.com<\/p>\n\n\n\n<p>0406726865<\/p>\n<\/div><\/div>\n\n\n\n<hr class=\"wp-block-separator has-css-opacity\"\/>\n\n\n\n<h2 class=\"wp-block-heading\">Lis\u00e4tarvikkeet:<\/h2>\n\n\n\n<hr class=\"wp-block-separator has-css-opacity\"\/>\n\n\n\n<div class=\"wp-block-media-text alignwide is-stacked-on-mobile\"><figure class=\"wp-block-media-text__media\"><img loading=\"lazy\" decoding=\"async\" width=\"768\" height=\"1024\" src=\"https:\/\/shakuhachi.fi\/wp-content\/uploads\/2021\/11\/IMG_1898-768x1024.jpg\" alt=\"\" class=\"wp-image-333 size-full\" srcset=\"https:\/\/shakuhachi.fi\/wp-content\/uploads\/2021\/11\/IMG_1898-768x1024.jpg 768w, https:\/\/shakuhachi.fi\/wp-content\/uploads\/2021\/11\/IMG_1898-225x300.jpg 225w, https:\/\/shakuhachi.fi\/wp-content\/uploads\/2021\/11\/IMG_1898-1152x1536.jpg 1152w, https:\/\/shakuhachi.fi\/wp-content\/uploads\/2021\/11\/IMG_1898-1536x2048.jpg 1536w, https:\/\/shakuhachi.fi\/wp-content\/uploads\/2021\/11\/IMG_1898-scaled.jpg 1920w\" sizes=\"auto, (max-width: 768px) 100vw, 768px\" \/><\/figure><div class=\"wp-block-media-text__content\">\n<h2 class=\"wp-block-heading\">Utaguchi-suojuksia<\/h2>\n\n\n\n<p>Uudet n. 10-15 eur \/kpl (tilaan yhteistilauksena Japanista, hieman hinta vaihtelee jenin kurssin ja koon mukaan yms.)<\/p>\n\n\n\n<p>K\u00e4ytetyt 5 eur \/kpl (rajoitetusti kokoja, ota yhteytt\u00e4)<\/p>\n\n\n\n<p><\/p>\n\n\n\n<p>Aaro Haavisto<\/p>\n\n\n\n<p>haavistoaaro@gmail.com<\/p>\n\n\n\n<p>0406726865<\/p>\n<\/div><\/div>\n\n\n\n<hr class=\"wp-block-separator has-css-opacity\"\/>\n\n\n\n<h2 class=\"wp-block-heading\">Nuotit:<\/h2>\n\n\n\n<hr class=\"wp-block-separator has-css-opacity\"\/>\n\n\n\n<h2 class=\"wp-block-heading\">Shakuhachien rakennus- ja korjausmateriaalit \/ tarvikkeet:<\/h2>\n\n\n\n<hr class=\"wp-block-separator has-css-opacity\"\/>\n\n\n\n<h2 class=\"wp-block-heading\">Muut japanilaiset- tai muuten shakuhachiin liittyv\u00e4t tai sen kaltaiset soittimet:<\/h2>\n\n\n\n<hr class=\"wp-block-separator has-css-opacity\"\/>\n\n\n\n<div class=\"wp-block-media-text alignwide is-stacked-on-mobile\" style=\"grid-template-columns:68% auto\"><figure class=\"wp-block-media-text__media\"><img loading=\"lazy\" decoding=\"async\" width=\"1024\" height=\"768\" src=\"https:\/\/shakuhachi.fi\/wp-content\/uploads\/2021\/11\/IMG_1903-1024x768.jpg\" alt=\"\" class=\"wp-image-334 size-full\" srcset=\"https:\/\/shakuhachi.fi\/wp-content\/uploads\/2021\/11\/IMG_1903-1024x768.jpg 1024w, https:\/\/shakuhachi.fi\/wp-content\/uploads\/2021\/11\/IMG_1903-300x225.jpg 300w, https:\/\/shakuhachi.fi\/wp-content\/uploads\/2021\/11\/IMG_1903-768x576.jpg 768w, https:\/\/shakuhachi.fi\/wp-content\/uploads\/2021\/11\/IMG_1903-1536x1152.jpg 1536w, https:\/\/shakuhachi.fi\/wp-content\/uploads\/2021\/11\/IMG_1903-2048x1536.jpg 2048w\" sizes=\"auto, (max-width: 1024px) 100vw, 1024px\" \/><\/figure><div class=\"wp-block-media-text__content\">\n<h2 class=\"wp-block-heading\">Shamisen<\/h2>\n\n\n\n<p>Chuzao (keskikokoinen)<\/p>\n\n\n\n<p>Mukana kotelo, bachi, ym. tarvittavat.<\/p>\n\n\n\n<p>200 eur<\/p>\n\n\n\n<p><\/p>\n\n\n\n<p>Aaro Haavisto<\/p>\n\n\n\n<p>haavistoaaro@gmail.com<\/p>\n\n\n\n<p>0406726865<\/p>\n<\/div><\/div>\n\n\n\n<hr class=\"wp-block-separator has-css-opacity\"\/>\n\n\n\n<div class=\"wp-block-media-text alignwide is-stacked-on-mobile\" style=\"grid-template-columns:68% auto\"><figure class=\"wp-block-media-text__media\"><img loading=\"lazy\" decoding=\"async\" width=\"1024\" height=\"768\" src=\"https:\/\/shakuhachi.fi\/wp-content\/uploads\/2021\/11\/IMG_1904-1024x768.jpg\" alt=\"\" class=\"wp-image-335 size-full\" srcset=\"https:\/\/shakuhachi.fi\/wp-content\/uploads\/2021\/11\/IMG_1904-1024x768.jpg 1024w, https:\/\/shakuhachi.fi\/wp-content\/uploads\/2021\/11\/IMG_1904-300x225.jpg 300w, https:\/\/shakuhachi.fi\/wp-content\/uploads\/2021\/11\/IMG_1904-768x576.jpg 768w, https:\/\/shakuhachi.fi\/wp-content\/uploads\/2021\/11\/IMG_1904-1536x1152.jpg 1536w, https:\/\/shakuhachi.fi\/wp-content\/uploads\/2021\/11\/IMG_1904-2048x1536.jpg 2048w\" sizes=\"auto, (max-width: 1024px) 100vw, 1024px\" \/><\/figure><div class=\"wp-block-media-text__content\">\n<h2 class=\"wp-block-heading\">Taishogotoja<\/h2>\n\n\n\n<p>150 eur mikitetyt<\/p>\n\n\n\n<p>100 eur muut<\/p>\n\n\n\n<p>20 eur kotelo<\/p>\n\n\n\n<p><\/p>\n\n\n\n<p>Aaro Haavisto<\/p>\n\n\n\n<p>haavistoaaro@gmail.com <\/p>\n\n\n\n<p>0406726865<\/p>\n<\/div><\/div>\n\n\n\n<hr class=\"wp-block-separator has-css-opacity\"\/>","protected":false},"excerpt":{"rendered":"<p>N\u00e4ille sivuille listataan j\u00e4senten myynniss\u00e4 tai lainaan tarjottavia shakuhacheja, sek\u00e4 niihin kuuluvia lis\u00e4tarvikkeita, nuotteja, tai muuta japanilaiseen musiikkiin liittyv\u00e4\u00e4. Ilmoittaaksesi palstalla l\u00e4het\u00e4 ilmoitusteksti, kuvat ja ilmoitukseen liitett\u00e4v\u00e4t yhteystiedot osoitteeseen info@shakuhachi.fi (voit my\u00f6s ilmoittaa vaikkapa youtube -linkin \u00e4\u00e4nin\u00e4ytteeseen) Myyj\u00e4 on itse velvollinen varmistamaan ett\u00e4 verotusasiat ym. ovat kunnossa, kaupat k\u00e4yd\u00e4\u00e4n yksityishenkil\u00f6iden v\u00e4lill\u00e4, eik\u00e4 yhdistys ole sidoksissa<\/p><\/div>\n<div class=\"blog-btn\"><a href=\"https:\/\/shakuhachi.fi\/en\/shakuhachimarkkinat\/\" class=\"home-blog-btn\">Read More<\/a><\/p>","protected":false},"author":2,"featured_media":0,"parent":0,"menu_order":0,"comment_status":"closed","ping_status":"closed","template":"","meta":{"footnotes":""},"class_list":["post-26","page","type-page","status-publish","hentry"],"_links":{"self":[{"href":"https:\/\/shakuhachi.fi\/en\/wp-json\/wp\/v2\/pages\/26","targetHints":{"allow":["GET"]}}],"collection":[{"href":"https:\/\/shakuhachi.fi\/en\/wp-json\/wp\/v2\/pages"}],"about":[{"href":"https:\/\/shakuhachi.fi\/en\/wp-json\/wp\/v2\/types\/page"}],"author":[{"embeddable":true,"href":"https:\/\/shakuhachi.fi\/en\/wp-json\/wp\/v2\/users\/2"}],"replies":[{"embeddable":true,"href":"https:\/\/shakuhachi.fi\/en\/wp-json\/wp\/v2\/comments?post=26"}],"version-history":[{"count":33,"href":"https:\/\/shakuhachi.fi\/en\/wp-json\/wp\/v2\/pages\/26\/revisions"}],"predecessor-version":[{"id":566,"href":"https:\/\/shakuhachi.fi\/en\/wp-json\/wp\/v2\/pages\/26\/revisions\/566"}],"wp:attachment":[{"href":"https:\/\/shakuhachi.fi\/en\/wp-json\/wp\/v2\/media?parent=26"}],"curies":[{"name":"wp","href":"https:\/\/api.w.org\/{rel}","templated":true}]}}