{"id":390,"date":"2021-11-16T02:34:05","date_gmt":"2021-11-16T00:34:05","guid":{"rendered":"https:\/\/shakuhachi.fi\/?page_id=390"},"modified":"2021-11-16T02:34:05","modified_gmt":"2021-11-16T00:34:05","slug":"soittaja-yhtyeeseen-tai-yhtye-soittajalle","status":"publish","type":"page","link":"https:\/\/shakuhachi.fi\/en\/soittaja-yhtyeeseen-tai-yhtye-soittajalle\/","title":{"rendered":"Soittaja yhtyeeseen &#8211; tai yhtye soittajalle"},"content":{"rendered":"<p>Soitatko shamisenia, kotoa tai jotakin muuta japanilaista soitinta, jonka monituista repertuaaria shakuhachin kanssa haluaisit p\u00e4\u00e4st\u00e4 soittamaan?<\/p>\n\n\n\n<p>Onko sinulla joku muu yhtye \/ soitin, jonka kanssa haluaisit kokea kollaboraatiota shakuhachin kanssa?<\/p>\n\n\n\n<p>Ota yhteytt\u00e4 ja kysele<\/p>\n\n\n\n<p>info@shakuhachi.fi<\/p>\n\n\n\n<p><\/p>\n\n\n\n<p>tai <a href=\"https:\/\/shakuhachi.fi\/en\/jaseneksi\/\" data-type=\"page\" data-id=\"163\">liity j\u00e4seneksi <\/a>ja ilmoita j\u00e4senille suoraan j\u00e4senten Discordissa halusta soittaa yhdess\u00e4<\/p>","protected":false},"excerpt":{"rendered":"<p>Soitatko shamisenia, kotoa tai jotakin muuta japanilaista soitinta, jonka monituista repertuaaria shakuhachin kanssa haluaisit p\u00e4\u00e4st\u00e4 soittamaan? Onko sinulla joku muu yhtye \/ soitin, jonka kanssa haluaisit kokea kollaboraatiota shakuhachin kanssa? Ota yhteytt\u00e4 ja kysele info@shakuhachi.fi tai liity j\u00e4seneksi ja ilmoita j\u00e4senille suoraan j\u00e4senten Discordissa halusta soittaa yhdess\u00e4<\/p>","protected":false},"author":2,"featured_media":0,"parent":0,"menu_order":0,"comment_status":"closed","ping_status":"closed","template":"","meta":{"footnotes":""},"class_list":["post-390","page","type-page","status-publish","hentry"],"_links":{"self":[{"href":"https:\/\/shakuhachi.fi\/en\/wp-json\/wp\/v2\/pages\/390","targetHints":{"allow":["GET"]}}],"collection":[{"href":"https:\/\/shakuhachi.fi\/en\/wp-json\/wp\/v2\/pages"}],"about":[{"href":"https:\/\/shakuhachi.fi\/en\/wp-json\/wp\/v2\/types\/page"}],"author":[{"embeddable":true,"href":"https:\/\/shakuhachi.fi\/en\/wp-json\/wp\/v2\/users\/2"}],"replies":[{"embeddable":true,"href":"https:\/\/shakuhachi.fi\/en\/wp-json\/wp\/v2\/comments?post=390"}],"version-history":[{"count":1,"href":"https:\/\/shakuhachi.fi\/en\/wp-json\/wp\/v2\/pages\/390\/revisions"}],"predecessor-version":[{"id":391,"href":"https:\/\/shakuhachi.fi\/en\/wp-json\/wp\/v2\/pages\/390\/revisions\/391"}],"wp:attachment":[{"href":"https:\/\/shakuhachi.fi\/en\/wp-json\/wp\/v2\/media?parent=390"}],"curies":[{"name":"wp","href":"https:\/\/api.w.org\/{rel}","templated":true}]}}