{"id":657,"date":"2025-04-29T05:14:02","date_gmt":"2025-04-29T02:14:02","guid":{"rendered":"https:\/\/shakuhachi.fi\/?page_id=657"},"modified":"2025-05-05T08:28:34","modified_gmt":"2025-05-05T05:28:34","slug":"pmo-concert","status":"publish","type":"page","link":"https:\/\/shakuhachi.fi\/en\/pmo-concert\/","title":{"rendered":"Tampereella Japanilaisen musiikin konsertti 23.5. klo 19-20 sek\u00e4 workshop 24.5. klo 10-12"},"content":{"rendered":"<p>Osoite: Pirkanmaan Musiikkiopisto, Etel\u00e4puisto 3, 33200 Tampere<\/p>\n\n\n\n<p>Liput: 10 \u20ac (opiskelijat 5\u20ac) &#8211; workshop osallistumismaksu 20 \u20ac (opiskelijat 10\u20ac)<\/p>\n\n\n\n<p><a href=\"https:\/\/calendly.com\/senzui\/pmo-concert\" data-type=\"link\" data-id=\"https:\/\/calendly.com\/senzui\/pmo-concert\">Varaa liput konserttiin t\u00e4\u00e4lt\u00e4.<\/a><\/p>\n\n\n\n<p><a href=\"https:\/\/calendly.com\/senzui\/soitin-workshop-tampere\" data-type=\"link\" data-id=\"https:\/\/calendly.com\/senzui\/soitin-workshop-tampere\">Ja workshoppiin t\u00e4\u00e4lt\u00e4.<\/a><\/p>\n\n\n\n<p>kyselyt: info@shakuhachi.fi<\/p>\n\n\n\n<figure class=\"wp-block-image size-full is-resized\"><img loading=\"lazy\" decoding=\"async\" width=\"707\" height=\"1002\" src=\"https:\/\/shakuhachi.fi\/wp-content\/uploads\/2025\/04\/image-5.png\" alt=\"\" class=\"wp-image-665\" style=\"width:421px;height:auto\" srcset=\"https:\/\/shakuhachi.fi\/wp-content\/uploads\/2025\/04\/image-5.png 707w, https:\/\/shakuhachi.fi\/wp-content\/uploads\/2025\/04\/image-5-212x300.png 212w, https:\/\/shakuhachi.fi\/wp-content\/uploads\/2025\/04\/image-5-8x12.png 8w\" sizes=\"auto, (max-width: 707px) 100vw, 707px\" \/><\/figure>\n\n\n\n<p><strong>Konserttiesittely:<\/strong><\/p>\n\n\n\n<p>&nbsp; &nbsp;&nbsp;Japanilainen perinnemusiikki on monimuotoista, n\u00e4ihin esityksiin kuuluu iloluonteista ja tanssillista kansanmusiikkia, melankolisia s\u00e4vyj\u00e4 sis\u00e4lt\u00e4v\u00e4\u00e4 klassista hogaku-musiikkia, sek\u00e4 suomalaisia kansans\u00e4veli\u00e4 sovitettuna japanilaisille soittimille.<\/p>\n\n\n\n<p>&nbsp; Japanilaisia perinnesoittimia on lukematon m\u00e4\u00e4r\u00e4, n\u00e4iss\u00e4 konsertissa niist\u00e4 on erityiseisti esill\u00e4 koto, jota esitt\u00e4v\u00e4t Japanista Suomen kiertueelle saapuneet Ayumi Shimonoto ja Yuka Sakura. Perinteisesti koton soittajat osaavat my\u00f6s soittaa jiuta-shamisenia ja laulaa perinnelauluja soittaessaan \u2013 ja my\u00f6s n\u00e4iss\u00e4 konserteissa p\u00e4\u00e4semme kuulemaan t\u00e4llaista laulua, molempien kielisoittimien, sek\u00e4 shakuhachi-huilun s\u00e4estyksell\u00e4 Japanilaisen perinnelaulun \u00e4\u00e4nenk\u00e4yt\u00f6n tekniikat ovat hienostuneita ja l\u00e4nsimaisesta laulusta poikkeavia. &nbsp;&nbsp;<\/p>\n\n\n\n<p>&nbsp; P\u00e4\u00e4semme kuulemaan my\u00f6s shakuhachi huiluja, joiden syv\u00e4 ja monis\u00e4vyinen \u00e4\u00e4ni on saavuttanut maailmalla eritt\u00e4in suuren suosion \u2013 Suomessakin on yli viisikymment\u00e4 shakuhachin soiton harrastajaa.<\/p>\n\n\n\n<p>&nbsp; Lis\u00e4ksi kuulemme tsugaru-shamisenia, jonka musiikki on jiuta-shamisenin melankolisemman s\u00e4vyn soittotapaan verrattuna aivan toisella tavalla energist\u00e4, nopeaa ja rytmik\u00e4sta.<\/p>\n\n\n\n<p>&nbsp; Lopuksi kuulemme suomalaisen kansanmusiikin s\u00e4velmi\u00e4 japanilaisille kansansoittimille sovitettuna. N\u00e4m\u00e4 soitetaan kaikien soittajien yhtyeen\u00e4 \u2013 kokoonpanona joka on Japanissakin aivan poikkeuksellinen, tsugaru-shamisenin yhtyess\u00e4 kotoon ja shakuhachiin, joiden kanssa sit\u00e4 harvemmin kuullaan yhdess\u00e4.<\/p>\n\n\n\n<p><strong>Workshop:<\/strong><\/p>\n\n\n\n<p>24.5. klo 10-12 Pirkanmaan Musiikkiopisto, Etel\u00e4puisto 3, 33200 Tampere<\/p>\n\n\n\n<p>Kaikkien konserteissa k\u00e4ytettyjen soitinten esittely ja workshop, jossa p\u00e4\u00e4see kokeilemaan kaikkia konserteissa esitettyj\u00e4 soittimia (koto, jiuta-shamisen, tsugaru-shamisen, shakuhachi), sek\u00e4 my\u00f6s muita japanilaisia soittimia kuten <a href=\"https:\/\/en.wikipedia.org\/wiki\/Taiko\" data-type=\"link\" data-id=\"https:\/\/en.wikipedia.org\/wiki\/Taiko\">taiko-rumpua<\/a>, <a href=\"https:\/\/en.wikipedia.org\/wiki\/Shinobue\" data-type=\"link\" data-id=\"https:\/\/en.wikipedia.org\/wiki\/Shinobue\">shinobue huilua<\/a> ja <a href=\"https:\/\/en.wikipedia.org\/wiki\/Sh%C5%8D_(instrument)\" data-type=\"link\" data-id=\"https:\/\/en.wikipedia.org\/wiki\/Sh%C5%8D_(instrument)\">sho-puhallinta<\/a>. Osallistumismaksu 20 \u20ac (opiskelijat 10\u20ac) Soitinten rajallisen m\u00e4\u00e4r\u00e4n vuoksi kannattaa varmistaa osallistuminen<a href=\"https:\/\/calendly.com\/senzui\/soitin-workshop-tampere\" data-type=\"link\" data-id=\"https:\/\/calendly.com\/senzui\/soitin-workshop-tampere\"> varaamalla t\u00e4\u00e4lt\u00e4.<\/a><\/p>\n\n\n\n<p><strong>Soittimet<\/strong>:<br> <em><a href=\"https:\/\/fi.wikipedia.org\/wiki\/Koto_(soitin)\">KOTO<\/a><\/em> on kanteleen tapainen n\u00e4pp\u00e4ilysoitin, tyypillisimmin 13-<br>kielinen, jossa jokaiselle kielelle on erillinen talla, joiden avulla<br>kukin kieli voidaan viritt\u00e4\u00e4 vapaasti haluttuun vireeseen \u2013 jota<br>tehd\u00e4\u00e4n joskus my\u00f6s kesken kappaletta. Toiselta puolen tallaa<br>kielt\u00e4 n\u00e4pp\u00e4ill\u00e4\u00e4n, toiselta puolen voidaan kielt\u00e4 painamalla<br>tuottaa glissandoja ja vibratoja.<br> <em><a href=\"https:\/\/shakuhachi.fi\/en\/perustietoplajays-mika-on-shakuhachi\/\" data-type=\"link\" data-id=\"https:\/\/shakuhachi.fi\/perustietoplajays-mika-on-shakuhachi\/\">SHAKUHACHI<\/a><\/em> on p\u00e4\u00e4st\u00e4puhallettava<br>bambuhuilu, jonka sormirei\u00e4t ovat<br>pentatonisessa asteikossa, mutta jolla<br>soitettava musiikki ei usein ole pentatonista,<br>vaan puhalluskulman muutoksilla ja<br>sormireikien varjostuksella saadaan aikaan<br>v\u00e4li\u00e4\u00e4net. Tyypillist\u00e4 shakuhachille on \u00e4\u00e4nenmuodostuksen<br>monipuolisuus, mm. erilaiset ilmavat ja suhisevat \u00e4\u00e4net, sek\u00e4<br>puhalluskulmalla tuotetun vibraton ja glissandojen k\u00e4ytt\u00f6.<br> <em><a href=\"https:\/\/fi.wikipedia.org\/wiki\/Shamisen\" data-type=\"link\" data-id=\"https:\/\/fi.wikipedia.org\/wiki\/Shamisen\">SHAMISEN<\/a><\/em> on kolmikielinen kitaranmallinen<br>n\u00e4pp\u00e4ilysoitin, jonka kaikukopan kansi ja pohja<br>ovat nahkaiset. Jiuta-shamisen on <a href=\"https:\/\/en.wikipedia.org\/wiki\/Jiuta\" data-type=\"link\" data-id=\"https:\/\/en.wikipedia.org\/wiki\/Jiuta\">jiuta-laulun<\/a><br>p\u00e4\u00e4asiallinen s\u00e4estyssoitin, usein shakuhachin<br>ja koton ohella. <a href=\"https:\/\/en.wikipedia.org\/wiki\/Tsugaru-jamisen\">Tsugaru-shamisen<\/a> on jiuta-<br>shamisenia paksukaulaisempi,<br>voimakas\u00e4\u00e4nisempi ja nopeasoittoisempi.<\/p>\n\n\n\n<p><strong>Esiintyjien esittelyt:<\/strong><\/p>\n\n\n\n<p><strong>Ayumi Shimonoto<\/strong><\/p>\n\n\n\n<div class=\"wp-block-columns is-layout-flex wp-container-core-columns-is-layout-9d6595d7 wp-block-columns-is-layout-flex\">\n<div class=\"wp-block-column is-layout-flow wp-block-column-is-layout-flow\">\n<figure class=\"wp-block-image size-full is-resized\"><img loading=\"lazy\" decoding=\"async\" width=\"395\" height=\"593\" src=\"http:\/\/shakuhachi.fi\/wp-content\/uploads\/2025\/04\/shimonoto2.jpg\" alt=\"\" class=\"wp-image-651\" style=\"width:360px;height:auto\" srcset=\"https:\/\/shakuhachi.fi\/wp-content\/uploads\/2025\/04\/shimonoto2.jpg 395w, https:\/\/shakuhachi.fi\/wp-content\/uploads\/2025\/04\/shimonoto2-200x300.jpg 200w, https:\/\/shakuhachi.fi\/wp-content\/uploads\/2025\/04\/shimonoto2-8x12.jpg 8w\" sizes=\"auto, (max-width: 395px) 100vw, 395px\" \/><\/figure>\n<\/div>\n\n\n\n<div class=\"wp-block-column is-layout-flow wp-block-column-is-layout-flow\">\n<p> Ayumi Shimonoto on Yamada-ry\u016b-suuntauksen koto- ja shamisentaiteilija. Valmistuttuaan vuonna 1993 Tokion&nbsp; Taideyliopistosta p\u00e4\u00e4aineenaan perinteinen japanilainen musiikki, h\u00e4n on opettanut Tokion Taideyliopistossa sek\u00e4 Gunman yliopistossa ja konsertoinut esitt\u00e4en sek\u00e4 perinteist\u00e4 ett\u00e4 modernia musiikkia. H\u00e4nt\u00e4 on kuultu my\u00f6s Japanin kansallisen mediatoimiston NHK: n live-radiol\u00e4hetyksiss\u00e4, useissa \u00e4\u00e4nitteiss\u00e4, elokuvien taustamusiikissa, sek\u00e4 teatteriesitysten taustamuusikkona.Shimonoto on my\u00f6s s\u00e4vellytt\u00e4nyt ja kantaesitt\u00e4nyt kappaleita useilta s\u00e4velt\u00e4jilt\u00e4, mukaan lukien Makoto Moroi, Y\u016bji Takahashi ja Norio Fukushi. Japanilaisen kielisoitinmusiikin perinteeseen kuuluu keskeisesti se, ett\u00e4 useissa s\u00e4vellyksiss\u00e4 kielisoittimen soittaja laulaa soittaessaan, ja Shimonoton laulutaito onkin noussut usein esiin kriitikoiden kehuissa &#8211; niin perinnemusiikissa, kuin my\u00f6s l\u00e4nsimaisen musiikin laulajana.<\/p>\n\n\n\n<p>&nbsp; Vuonna 2011 Shimonoto palkittiin Gunma Mesena Arts and Culture Encouragement Award -palkinnolla. Shimonoto on my\u00f6s julkaissut vuonna 2021 S\u014dkyoku x Gagaku: The Japanese Classics -videoteoksen, jonka tavoitteena on kasvattaa tietoisuutta japanilaisesta perinnemusiikista ja erityisesti koton soitosta maailmanlaajuisesti.<\/p>\n<\/div>\n<\/div>\n\n\n\n<p><strong>Yuka Sakura<\/strong><\/p>\n\n\n\n<div class=\"wp-block-columns is-layout-flex wp-container-core-columns-is-layout-9d6595d7 wp-block-columns-is-layout-flex\">\n<div class=\"wp-block-column is-layout-flow wp-block-column-is-layout-flow\">\n<figure class=\"wp-block-image size-full is-resized\"><img loading=\"lazy\" decoding=\"async\" width=\"396\" height=\"593\" src=\"http:\/\/shakuhachi.fi\/wp-content\/uploads\/2025\/04\/YUKA-SAKURA.jpeg.jpg\" alt=\"\" class=\"wp-image-645\" style=\"width:169px;height:auto\" srcset=\"https:\/\/shakuhachi.fi\/wp-content\/uploads\/2025\/04\/YUKA-SAKURA.jpeg.jpg 396w, https:\/\/shakuhachi.fi\/wp-content\/uploads\/2025\/04\/YUKA-SAKURA.jpeg-200x300.jpg 200w, https:\/\/shakuhachi.fi\/wp-content\/uploads\/2025\/04\/YUKA-SAKURA.jpeg-8x12.jpg 8w\" sizes=\"auto, (max-width: 396px) 100vw, 396px\" \/><\/figure>\n<\/div>\n\n\n\n<div class=\"wp-block-column is-layout-flow wp-block-column-is-layout-flow\">\n<p>&nbsp;Yuka Sakura aloitti koton ja shamisenin soiton opiskelun \u00e4itins\u00e4 Ayumi Shimonoton johdolla kolmevuotiaana. H\u00e4n valmistui Tokion Taideyliopiston lukion musiikkilinjalta ja opiskelee t\u00e4ll\u00e4 hetkell\u00e4 viimeist\u00e4 vuotta Tokion Taideyliopistossa p\u00e4\u00e4aineenaan Yamada-ry\u016b-suuntauksen koton soitto.<\/p>\n\n\n\n<p>&nbsp; <\/p>\n<\/div>\n<\/div>\n\n\n\n<p><strong>Kiku Day<\/strong><\/p>\n\n\n\n<div class=\"wp-block-columns is-layout-flex wp-container-core-columns-is-layout-9d6595d7 wp-block-columns-is-layout-flex\">\n<div class=\"wp-block-column is-layout-flow wp-block-column-is-layout-flow\">\n<figure class=\"wp-block-image size-full is-resized\"><img loading=\"lazy\" decoding=\"async\" width=\"395\" height=\"594\" src=\"http:\/\/shakuhachi.fi\/wp-content\/uploads\/2025\/04\/kiku.jpg\" alt=\"\" class=\"wp-image-646\" style=\"width:169px;height:auto\" srcset=\"https:\/\/shakuhachi.fi\/wp-content\/uploads\/2025\/04\/kiku.jpg 395w, https:\/\/shakuhachi.fi\/wp-content\/uploads\/2025\/04\/kiku-199x300.jpg 199w, https:\/\/shakuhachi.fi\/wp-content\/uploads\/2025\/04\/kiku-8x12.jpg 8w\" sizes=\"auto, (max-width: 395px) 100vw, 395px\" \/><\/figure>\n<\/div>\n\n\n\n<div class=\"wp-block-column is-layout-flow wp-block-column-is-layout-flow\">\n<p>&nbsp; Japanilais-Amerikkalainen, Tanskassa lapsuudesta asti asunut Kiku Day opiskeli shakuhachin soittoa Japanissa Atsuya Okudan oppilaana 11 vuotta. Valmistuttuaan Mills Collegesta h\u00e4n suoritti etnomusikologian tohtorintutkinnon Lontoon Yliopistosta. H\u00e4n on esiintynyt mm. Carnegie Hallissa, Royal Festival Hallissa ja Purcell Roomissa.<\/p>\n\n\n\n<p>&nbsp; <\/p>\n<\/div>\n<\/div>\n\n\n\n<p><strong>Zuiko<\/strong><\/p>\n\n\n\n<div class=\"wp-block-columns is-layout-flex wp-container-core-columns-is-layout-9d6595d7 wp-block-columns-is-layout-flex\">\n<div class=\"wp-block-column is-layout-flow wp-block-column-is-layout-flow\">\n<figure class=\"wp-block-image size-full is-resized\"><img loading=\"lazy\" decoding=\"async\" width=\"395\" height=\"593\" src=\"http:\/\/shakuhachi.fi\/wp-content\/uploads\/2025\/04\/zuiko.png\" alt=\"\" class=\"wp-image-647\" style=\"width:169px;height:auto\" srcset=\"https:\/\/shakuhachi.fi\/wp-content\/uploads\/2025\/04\/zuiko.png 395w, https:\/\/shakuhachi.fi\/wp-content\/uploads\/2025\/04\/zuiko-200x300.png 200w, https:\/\/shakuhachi.fi\/wp-content\/uploads\/2025\/04\/zuiko-8x12.png 8w\" sizes=\"auto, (max-width: 395px) 100vw, 395px\" \/><\/figure>\n<\/div>\n\n\n\n<div class=\"wp-block-column is-layout-flow wp-block-column-is-layout-flow\">\n<p>&nbsp;Taiwanilaissyntyinen Zuiko opiskeli tsugaru-shamisenin soittoa Japanissa ja Taiwanilla ja opiskelee nyt toista vuotta Taideyliopiston Sibeliusakatemiassa Global Musicin osastolla, sek\u00e4 opettaa ja esiintyy aktiivisesti<\/p>\n\n\n\n<p>&nbsp; <\/p>\n<\/div>\n<\/div>\n\n\n\n<p><strong>Turkka Inkil\u00e4<\/strong><\/p>\n\n\n\n<div class=\"wp-block-columns is-layout-flex wp-container-core-columns-is-layout-9d6595d7 wp-block-columns-is-layout-flex\">\n<div class=\"wp-block-column is-layout-flow wp-block-column-is-layout-flow\">\n<figure class=\"wp-block-image size-full is-resized\"><img loading=\"lazy\" decoding=\"async\" width=\"395\" height=\"593\" src=\"http:\/\/shakuhachi.fi\/wp-content\/uploads\/2025\/04\/turkka.jpg\" alt=\"\" class=\"wp-image-650\" style=\"width:169px;height:auto\" srcset=\"https:\/\/shakuhachi.fi\/wp-content\/uploads\/2025\/04\/turkka.jpg 395w, https:\/\/shakuhachi.fi\/wp-content\/uploads\/2025\/04\/turkka-200x300.jpg 200w, https:\/\/shakuhachi.fi\/wp-content\/uploads\/2025\/04\/turkka-8x12.jpg 8w\" sizes=\"auto, (max-width: 395px) 100vw, 395px\" \/><\/figure>\n<\/div>\n\n\n\n<div class=\"wp-block-column is-layout-flow wp-block-column-is-layout-flow\">\n<p>Turkka&nbsp;Inkil\u00e4&nbsp;on&nbsp;freelancer-Muusikko ja s\u00e4velt\u00e4j\u00e4, jonka tuotanto kattaa kamarimusiikkia, elektronista&nbsp; musiikkia, sek\u00e4 teatteri\u00e4\u00e4nisuunnittelua. Inkil\u00e4&nbsp;soittaa yhtyeiss\u00e4 \u00c1nn\u00e1m\u00e1ret ja T\u00f6l\u00f6l\u00e4b<\/p>\n\n\n\n<p>&nbsp; <\/p>\n<\/div>\n<\/div>\n\n\n\n<p><strong>Otto Eskelinen<\/strong><\/p>\n\n\n\n<div class=\"wp-block-columns is-layout-flex wp-container-core-columns-is-layout-9d6595d7 wp-block-columns-is-layout-flex\">\n<div class=\"wp-block-column is-layout-flow wp-block-column-is-layout-flow\">\n<figure class=\"wp-block-image size-full is-resized\"><img loading=\"lazy\" decoding=\"async\" width=\"387\" height=\"593\" src=\"http:\/\/shakuhachi.fi\/wp-content\/uploads\/2025\/04\/otto.jpg\" alt=\"\" class=\"wp-image-649\" style=\"width:169px;height:auto\" srcset=\"https:\/\/shakuhachi.fi\/wp-content\/uploads\/2025\/04\/otto.jpg 387w, https:\/\/shakuhachi.fi\/wp-content\/uploads\/2025\/04\/otto-196x300.jpg 196w, https:\/\/shakuhachi.fi\/wp-content\/uploads\/2025\/04\/otto-8x12.jpg 8w\" sizes=\"auto, (max-width: 387px) 100vw, 387px\" \/><\/figure>\n<\/div>\n\n\n\n<div class=\"wp-block-column is-layout-flow wp-block-column-is-layout-flow\">\n<p>&nbsp;Valmistuttuaan Sibelius-Akatemiasta vuonna 2013 Otto Eskelinen aloitti ty\u00f6skentelyn The Mystic Revelation Of Teppo Repo -yhtyeess\u00e4, joka tunnetaan my\u00f6s lauluntekij\u00e4 Joose Keskitaloa s\u00e4est\u00e4v\u00e4n\u00e4 yhtyeen\u00e4. Lis\u00e4ksi Eskelinen toimii jazz\/folk -yhtyeess\u00e4 Uusi Aika, sek\u00e4 Tahmela Six-kollektiivissa.&nbsp; Sooloartistina Eskelisen soitinvalikoimaan kuuluvat erilaiset puupuhaltimet, itsetehdyt<br>puuhuilut, sek\u00e4 shakuhachit.<\/p>\n\n\n\n<p>&nbsp; <\/p>\n<\/div>\n<\/div>\n\n\n\n<p><strong>Aaro Haavisto<\/strong><\/p>\n\n\n\n<div class=\"wp-block-columns is-layout-flex wp-container-core-columns-is-layout-9d6595d7 wp-block-columns-is-layout-flex\">\n<div class=\"wp-block-column is-layout-flow wp-block-column-is-layout-flow\">\n<figure class=\"wp-block-image size-full is-resized\"><img loading=\"lazy\" decoding=\"async\" width=\"395\" height=\"593\" src=\"http:\/\/shakuhachi.fi\/wp-content\/uploads\/2025\/04\/aaro.jpg\" alt=\"\" class=\"wp-image-648\" style=\"width:169px;height:auto\" srcset=\"https:\/\/shakuhachi.fi\/wp-content\/uploads\/2025\/04\/aaro.jpg 395w, https:\/\/shakuhachi.fi\/wp-content\/uploads\/2025\/04\/aaro-200x300.jpg 200w, https:\/\/shakuhachi.fi\/wp-content\/uploads\/2025\/04\/aaro-8x12.jpg 8w\" sizes=\"auto, (max-width: 395px) 100vw, 395px\" \/><\/figure>\n<\/div>\n\n\n\n<div class=\"wp-block-column is-layout-flow wp-block-column-is-layout-flow\">\n<p>&nbsp; Aaro Haavisto (Senzui) on shakuhachitaiteilija, Suomen Shakuhachiyhdistyksen puheenjohtaja, Ueda-ry\u016b-suuntauksen shakuhachiopettaja, japanin kielen tulkki, sek\u00e4 huilunrakentaja.<\/p>\n\n\n\n<p>&nbsp; <\/p>\n<\/div>\n<\/div>\n\n\n\n<p><\/p>","protected":false},"excerpt":{"rendered":"<p>Osoite: Pirkanmaan Musiikkiopisto, Etel\u00e4puisto 3, 33200 Tampere Liput: 10 \u20ac (opiskelijat 5\u20ac) &#8211; workshop osallistumismaksu 20 \u20ac (opiskelijat 10\u20ac) Varaa liput konserttiin t\u00e4\u00e4lt\u00e4. Ja workshoppiin t\u00e4\u00e4lt\u00e4. kyselyt: info@shakuhachi.fi Konserttiesittely: &nbsp; &nbsp;&nbsp;Japanilainen perinnemusiikki on monimuotoista, n\u00e4ihin esityksiin kuuluu iloluonteista ja tanssillista kansanmusiikkia, melankolisia s\u00e4vyj\u00e4 sis\u00e4lt\u00e4v\u00e4\u00e4 klassista hogaku-musiikkia, sek\u00e4 suomalaisia kansans\u00e4veli\u00e4 sovitettuna japanilaisille soittimille. &nbsp; Japanilaisia perinnesoittimia<\/p><\/div>\n<div class=\"blog-btn\"><a href=\"https:\/\/shakuhachi.fi\/en\/pmo-concert\/\" class=\"home-blog-btn\">Read More<\/a><\/p>","protected":false},"author":2,"featured_media":0,"parent":0,"menu_order":0,"comment_status":"closed","ping_status":"closed","template":"","meta":{"footnotes":""},"class_list":["post-657","page","type-page","status-publish","hentry"],"_links":{"self":[{"href":"https:\/\/shakuhachi.fi\/en\/wp-json\/wp\/v2\/pages\/657","targetHints":{"allow":["GET"]}}],"collection":[{"href":"https:\/\/shakuhachi.fi\/en\/wp-json\/wp\/v2\/pages"}],"about":[{"href":"https:\/\/shakuhachi.fi\/en\/wp-json\/wp\/v2\/types\/page"}],"author":[{"embeddable":true,"href":"https:\/\/shakuhachi.fi\/en\/wp-json\/wp\/v2\/users\/2"}],"replies":[{"embeddable":true,"href":"https:\/\/shakuhachi.fi\/en\/wp-json\/wp\/v2\/comments?post=657"}],"version-history":[{"count":6,"href":"https:\/\/shakuhachi.fi\/en\/wp-json\/wp\/v2\/pages\/657\/revisions"}],"predecessor-version":[{"id":718,"href":"https:\/\/shakuhachi.fi\/en\/wp-json\/wp\/v2\/pages\/657\/revisions\/718"}],"wp:attachment":[{"href":"https:\/\/shakuhachi.fi\/en\/wp-json\/wp\/v2\/media?parent=657"}],"curies":[{"name":"wp","href":"https:\/\/api.w.org\/{rel}","templated":true}]}}