{"id":86,"date":"2021-03-01T15:01:02","date_gmt":"2021-03-01T13:01:02","guid":{"rendered":"https:\/\/shakuhachi.fi\/?page_id=86"},"modified":"2024-11-30T23:07:33","modified_gmt":"2024-11-30T21:07:33","slug":"menneita-tapahtumia","status":"publish","type":"page","link":"https:\/\/shakuhachi.fi\/en\/menneita-tapahtumia\/","title":{"rendered":"Events"},"content":{"rendered":"<h2 class=\"wp-block-heading\">21.9.2024 Japani-matsuri tapahtuma &#8211; j\u00e4seni\u00e4 esiintym\u00e4ss\u00e4<\/h2>\n\n\n\n<hr class=\"wp-block-separator has-alpha-channel-opacity\"\/>\n\n\n\n<h2 class=\"wp-block-heading\">2.8.2024 Konsertti Roihuvuoren kirkossa, Helsingiss\u00e4<\/h2>\n\n\n\n<p>Summer Schoolissa olleista opettajista j\u00e4i osa viel\u00e4 joksikin aikaa Suomeen ja j\u00e4rjestettiin konsertti Roihuvuoren kirkossa.<\/p>\n\n\n\n<hr class=\"wp-block-separator has-alpha-channel-opacity\"\/>\n\n\n\n<h2 class=\"wp-block-heading\">29.7.-1.8.2024 ESS Summer School Kruusilassa, Salossa<\/h2>\n\n\n\n<p>Vuosi 2024 oli Suomessa historiallinen vuosi mit\u00e4 shakuhachiin tulee, sill\u00e4 hein\u00e4-elokuun vaihteessa j\u00e4rjestettiin Euroopan Shakuhachi -yhdistyksen Summer School Kruusilassa (Salossa)<\/p>\n\n\n\n<p>T\u00e4m\u00e4n yhteydess\u00e4 j\u00e4rjestettiin konsertit Sibeliusmuseossa, Turussa, sek\u00e4 Salon kirkossa ja leirin opettajat esiintyiv\u00e4t muutenkin Suomessa leiri\u00e4 edelt\u00e4vin\u00e4 ja seuraavina p\u00e4ivin\u00e4.<\/p>\n\n\n\n<p><a href=\"http:\/\/finland2024.shakuhachisociety.eu\/\" data-type=\"link\" data-id=\"finland2024.shakuhachisociety.eu\/\">Kts leirist\u00e4 enemm\u00e4n Euroopan yhdistyksen sivuilla.<\/a><\/p>\n\n\n\n<hr class=\"wp-block-separator has-alpha-channel-opacity\"\/>\n\n\n\n<h2 class=\"wp-block-heading\">24.07.2024 Riley Leen konsertti \u00d6stersundholmin kirkossa<\/h2>\n\n\n\n<hr class=\"wp-block-separator has-alpha-channel-opacity\"\/>\n\n\n\n<h2 class=\"wp-block-heading\">4.6.2024 Koton ja shakuhachin esiintyminen Annalan puutarhassa: Aaro Haavisto ja Hiromi Hokkanen<\/h2>\n\n\n\n<hr class=\"wp-block-separator has-alpha-channel-opacity\"\/>\n\n\n\n<h2 class=\"wp-block-heading\">12.12.2023 KARU esiintyi Myllypuron kirjastossa<\/h2>\n\n\n\n<hr class=\"wp-block-separator has-alpha-channel-opacity\"\/>\n\n\n\n<h2 class=\"wp-block-heading\">04.-06.08.2023 Yhdistyksen kolmas kes\u00e4leiri Kangasalla<\/h2>\n\n\n\n<p><\/p>\n\n\n\n<hr class=\"wp-block-separator has-alpha-channel-opacity\"\/>\n\n\n\n<h2 class=\"wp-block-heading\">06.06.2023 KARU esiintyi Iiris-kukkajuhlassa Annalan puutarhalla<\/h2>\n\n\n\n<hr class=\"wp-block-separator has-alpha-channel-opacity\"\/>\n\n\n\n<h2 class=\"wp-block-heading\">7.-9.04.2023 Kev\u00e4tleiri Kangasalla nelihenkisell\u00e4 porukalla<\/h2>\n\n\n\n<hr class=\"wp-block-separator has-alpha-channel-opacity\"\/>\n\n\n\n<h2 class=\"wp-block-heading\">18.03.2023 KARU:n esiintyminen Japani-matsuri tapahtumassa Saksalaisella koululla<\/h2>\n\n\n\n<p>Shakuhachiyhtye KARU esiintyi nelj\u00e4n hengen voimin Japani-matsurissa.<\/p>\n\n\n\n<hr class=\"wp-block-separator has-css-opacity\"\/>\n\n\n\n<h2 class=\"wp-block-heading\">7.6.2022 KARU esiintyi Iirisjuhlassa Annalan puutarhalla<\/h2>\n\n\n\n<p>Suomalais-japanilainen yhdistys ja Hy\u00f6tykasviyhdistys j\u00e4rjest\u00e4v\u00e4t Annalan puutarhalla Iirisjuhlan, johon KARU on kutsuttu esiintym\u00e4\u00e4n.<\/p>\n\n\n\n<hr class=\"wp-block-separator has-css-opacity\"\/>\n\n\n\n<h2 class=\"wp-block-heading\">1.-3.6.2022 Kes\u00e4leiri Kangasalla &#8211; II<\/h2>\n\n\n\n<p>Kes\u00e4leiri Kangasalla.<\/p>\n\n\n\n<figure class=\"wp-block-gallery has-nested-images columns-default is-cropped wp-block-gallery-1 is-layout-flex wp-block-gallery-is-layout-flex\">\n<figure class=\"wp-block-image size-large\"><img loading=\"lazy\" decoding=\"async\" width=\"1024\" height=\"748\" data-id=\"229\" src=\"https:\/\/shakuhachi.fi\/wp-content\/uploads\/2021\/09\/1-1024x748.png\" alt=\"\" class=\"wp-image-229\" srcset=\"https:\/\/shakuhachi.fi\/wp-content\/uploads\/2021\/09\/1-1024x748.png 1024w, https:\/\/shakuhachi.fi\/wp-content\/uploads\/2021\/09\/1-300x219.png 300w, https:\/\/shakuhachi.fi\/wp-content\/uploads\/2021\/09\/1-768x561.png 768w, https:\/\/shakuhachi.fi\/wp-content\/uploads\/2021\/09\/1.png 1319w\" sizes=\"auto, (max-width: 1024px) 100vw, 1024px\" \/><\/figure>\n\n\n\n<figure class=\"wp-block-image size-large\"><img loading=\"lazy\" decoding=\"async\" width=\"1024\" height=\"683\" data-id=\"228\" src=\"https:\/\/shakuhachi.fi\/wp-content\/uploads\/2021\/09\/AAR4070-1024x683.jpg\" alt=\"\" class=\"wp-image-228\" srcset=\"https:\/\/shakuhachi.fi\/wp-content\/uploads\/2021\/09\/AAR4070-1024x683.jpg 1024w, https:\/\/shakuhachi.fi\/wp-content\/uploads\/2021\/09\/AAR4070-300x200.jpg 300w, https:\/\/shakuhachi.fi\/wp-content\/uploads\/2021\/09\/AAR4070-768x512.jpg 768w, https:\/\/shakuhachi.fi\/wp-content\/uploads\/2021\/09\/AAR4070-1536x1024.jpg 1536w, https:\/\/shakuhachi.fi\/wp-content\/uploads\/2021\/09\/AAR4070-2048x1365.jpg 2048w\" sizes=\"auto, (max-width: 1024px) 100vw, 1024px\" \/><\/figure>\n\n\n\n<figure class=\"wp-block-image size-large\"><img loading=\"lazy\" decoding=\"async\" width=\"1024\" height=\"683\" data-id=\"124\" src=\"https:\/\/shakuhachi.fi\/wp-content\/uploads\/2021\/03\/DSC_2938-1024x683.jpg\" alt=\"\" class=\"wp-image-124\" srcset=\"https:\/\/shakuhachi.fi\/wp-content\/uploads\/2021\/03\/DSC_2938-1024x683.jpg 1024w, https:\/\/shakuhachi.fi\/wp-content\/uploads\/2021\/03\/DSC_2938-300x200.jpg 300w, https:\/\/shakuhachi.fi\/wp-content\/uploads\/2021\/03\/DSC_2938-768x512.jpg 768w, https:\/\/shakuhachi.fi\/wp-content\/uploads\/2021\/03\/DSC_2938-1536x1024.jpg 1536w, https:\/\/shakuhachi.fi\/wp-content\/uploads\/2021\/03\/DSC_2938-2048x1365.jpg 2048w\" sizes=\"auto, (max-width: 1024px) 100vw, 1024px\" \/><\/figure>\n\n\n\n<figure class=\"wp-block-image size-large\"><img loading=\"lazy\" decoding=\"async\" width=\"1024\" height=\"683\" data-id=\"126\" src=\"https:\/\/shakuhachi.fi\/wp-content\/uploads\/2021\/03\/DSC_3051-1024x683.jpg\" alt=\"\" class=\"wp-image-126\" srcset=\"https:\/\/shakuhachi.fi\/wp-content\/uploads\/2021\/03\/DSC_3051-1024x683.jpg 1024w, https:\/\/shakuhachi.fi\/wp-content\/uploads\/2021\/03\/DSC_3051-300x200.jpg 300w, https:\/\/shakuhachi.fi\/wp-content\/uploads\/2021\/03\/DSC_3051-768x512.jpg 768w, https:\/\/shakuhachi.fi\/wp-content\/uploads\/2021\/03\/DSC_3051-1536x1024.jpg 1536w, https:\/\/shakuhachi.fi\/wp-content\/uploads\/2021\/03\/DSC_3051-2048x1365.jpg 2048w\" sizes=\"auto, (max-width: 1024px) 100vw, 1024px\" \/><\/figure>\n\n\n\n<figure class=\"wp-block-image size-large\"><img loading=\"lazy\" decoding=\"async\" width=\"314\" height=\"199\" data-id=\"142\" src=\"https:\/\/shakuhachi.fi\/wp-content\/uploads\/2021\/03\/i-img1200x1200-1614233283gdfkgc43127-1.png\" alt=\"\" class=\"wp-image-142\" srcset=\"https:\/\/shakuhachi.fi\/wp-content\/uploads\/2021\/03\/i-img1200x1200-1614233283gdfkgc43127-1.png 314w, https:\/\/shakuhachi.fi\/wp-content\/uploads\/2021\/03\/i-img1200x1200-1614233283gdfkgc43127-1-300x190.png 300w\" sizes=\"auto, (max-width: 314px) 100vw, 314px\" \/><\/figure>\n\n\n\n<figure class=\"wp-block-image size-large\"><img loading=\"lazy\" decoding=\"async\" width=\"1024\" height=\"726\" data-id=\"230\" src=\"https:\/\/shakuhachi.fi\/wp-content\/uploads\/2021\/09\/2-1024x726.png\" alt=\"\" class=\"wp-image-230\" srcset=\"https:\/\/shakuhachi.fi\/wp-content\/uploads\/2021\/09\/2-1024x726.png 1024w, https:\/\/shakuhachi.fi\/wp-content\/uploads\/2021\/09\/2-300x213.png 300w, https:\/\/shakuhachi.fi\/wp-content\/uploads\/2021\/09\/2-768x545.png 768w, https:\/\/shakuhachi.fi\/wp-content\/uploads\/2021\/09\/2.png 1328w\" sizes=\"auto, (max-width: 1024px) 100vw, 1024px\" \/><\/figure>\n<\/figure>\n\n\n\n<hr class=\"wp-block-separator has-css-opacity\"\/>\n\n\n\n<hr class=\"wp-block-separator has-css-opacity\"\/>\n\n\n\n<h2 class=\"wp-block-heading\">21.-22.05.2022 Gunnar Jinmei Linderin workshop Helsingiss\u00e4<\/h2>\n\n\n\n<p><\/p>\n\n\n\n<hr class=\"wp-block-separator has-css-opacity\"\/>\n\n\n\n<h2 class=\"wp-block-heading\">21.05.2022 Yhdistyksen vuosikokous<\/h2>\n\n\n\n<p>Yhdistyksen vuosikokous j\u00e4rjestettiin Helsingiss\u00e4 21.05.2022.<\/p>\n\n\n\n<hr class=\"wp-block-separator has-css-opacity\"\/>\n\n\n\n<h2 class=\"wp-block-heading\">21.05.2022 KARU:n esiintyminen Superpluck-yhtyeen vieraana<\/h2>\n\n\n\n<p>Superpluck: Assi Karttunen (cembalo), Eija Kankaanranta (kantele), Rody van Gelmert, (kitara)<\/p>\n\n\n\n<p>KARU esiintyi Superpluckin vieraana heid\u00e4n Lallukan salissa j\u00e4rjest\u00e4m\u00e4ss\u00e4\u00e4n konsertissa.<\/p>\n\n\n\n<hr class=\"wp-block-separator has-css-opacity\"\/>\n\n\n\n<h2 class=\"wp-block-heading\">15.05.2022 KARUn esiintyminen Pukkilan Hanamissa<\/h2>\n\n\n\n<p><\/p>\n\n\n\n<hr class=\"wp-block-separator has-css-opacity\"\/>\n\n\n\n<h2 class=\"wp-block-heading\">24.11.2021 KARUn esiintyminen Roihuvuoren Hard Rock Housessa<\/h2>\n\n\n\n<hr class=\"wp-block-separator has-css-opacity\"\/>\n\n\n\n<h2 class=\"wp-block-heading\">28.10.2021 KARUn esiintyminen MUJI-liikkeess\u00e4 Kampissa<\/h2>\n\n\n\n<p>Tapahtuman j\u00e4rjesti Suomalais-japanilainen yhdistys.<\/p>\n\n\n\n<hr class=\"wp-block-separator has-css-opacity\"\/>\n\n\n\n<h2 class=\"wp-block-heading\">14.8.2021 Shakuhachiyhtye Karun esiintyminen Mustavuoren Luola-illassa.<\/h2>\n\n\n\n<p><\/p>\n\n\n\n<p>T\u00e4ll\u00f6in yhtyeen nimi ei tosin ollut viel\u00e4 p\u00e4\u00e4tetty, joten ei varsinaisesti Karu -nimell\u00e4 viel\u00e4.<\/p>\n\n\n\n<hr class=\"wp-block-separator has-css-opacity\"\/>\n\n\n\n<h2 class=\"wp-block-heading\">27.-29.6.2021 Kes\u00e4leiri Kangasalan luonnon maisemien \u00e4\u00e4ress\u00e4<\/h2>\n\n\n\n<figure class=\"wp-block-gallery has-nested-images columns-default is-cropped wp-block-gallery-2 is-layout-flex wp-block-gallery-is-layout-flex\">\n<figure class=\"wp-block-image size-large\"><img loading=\"lazy\" decoding=\"async\" width=\"1024\" height=\"748\" data-id=\"229\" src=\"https:\/\/shakuhachi.fi\/wp-content\/uploads\/2021\/09\/1-1024x748.png\" alt=\"\" class=\"wp-image-229\" srcset=\"https:\/\/shakuhachi.fi\/wp-content\/uploads\/2021\/09\/1-1024x748.png 1024w, https:\/\/shakuhachi.fi\/wp-content\/uploads\/2021\/09\/1-300x219.png 300w, https:\/\/shakuhachi.fi\/wp-content\/uploads\/2021\/09\/1-768x561.png 768w, https:\/\/shakuhachi.fi\/wp-content\/uploads\/2021\/09\/1.png 1319w\" sizes=\"auto, (max-width: 1024px) 100vw, 1024px\" \/><\/figure>\n\n\n\n<figure class=\"wp-block-image size-large\"><img loading=\"lazy\" decoding=\"async\" width=\"1024\" height=\"683\" data-id=\"228\" src=\"https:\/\/shakuhachi.fi\/wp-content\/uploads\/2021\/09\/AAR4070-1024x683.jpg\" alt=\"\" class=\"wp-image-228\" srcset=\"https:\/\/shakuhachi.fi\/wp-content\/uploads\/2021\/09\/AAR4070-1024x683.jpg 1024w, https:\/\/shakuhachi.fi\/wp-content\/uploads\/2021\/09\/AAR4070-300x200.jpg 300w, https:\/\/shakuhachi.fi\/wp-content\/uploads\/2021\/09\/AAR4070-768x512.jpg 768w, https:\/\/shakuhachi.fi\/wp-content\/uploads\/2021\/09\/AAR4070-1536x1024.jpg 1536w, https:\/\/shakuhachi.fi\/wp-content\/uploads\/2021\/09\/AAR4070-2048x1365.jpg 2048w\" sizes=\"auto, (max-width: 1024px) 100vw, 1024px\" \/><\/figure>\n\n\n\n<figure class=\"wp-block-image size-large\"><img loading=\"lazy\" decoding=\"async\" width=\"1024\" height=\"683\" data-id=\"124\" src=\"https:\/\/shakuhachi.fi\/wp-content\/uploads\/2021\/03\/DSC_2938-1024x683.jpg\" alt=\"\" class=\"wp-image-124\" srcset=\"https:\/\/shakuhachi.fi\/wp-content\/uploads\/2021\/03\/DSC_2938-1024x683.jpg 1024w, https:\/\/shakuhachi.fi\/wp-content\/uploads\/2021\/03\/DSC_2938-300x200.jpg 300w, https:\/\/shakuhachi.fi\/wp-content\/uploads\/2021\/03\/DSC_2938-768x512.jpg 768w, https:\/\/shakuhachi.fi\/wp-content\/uploads\/2021\/03\/DSC_2938-1536x1024.jpg 1536w, https:\/\/shakuhachi.fi\/wp-content\/uploads\/2021\/03\/DSC_2938-2048x1365.jpg 2048w\" sizes=\"auto, (max-width: 1024px) 100vw, 1024px\" \/><\/figure>\n\n\n\n<figure class=\"wp-block-image size-large\"><img loading=\"lazy\" decoding=\"async\" width=\"1024\" height=\"683\" data-id=\"126\" src=\"https:\/\/shakuhachi.fi\/wp-content\/uploads\/2021\/03\/DSC_3051-1024x683.jpg\" alt=\"\" class=\"wp-image-126\" srcset=\"https:\/\/shakuhachi.fi\/wp-content\/uploads\/2021\/03\/DSC_3051-1024x683.jpg 1024w, https:\/\/shakuhachi.fi\/wp-content\/uploads\/2021\/03\/DSC_3051-300x200.jpg 300w, https:\/\/shakuhachi.fi\/wp-content\/uploads\/2021\/03\/DSC_3051-768x512.jpg 768w, https:\/\/shakuhachi.fi\/wp-content\/uploads\/2021\/03\/DSC_3051-1536x1024.jpg 1536w, https:\/\/shakuhachi.fi\/wp-content\/uploads\/2021\/03\/DSC_3051-2048x1365.jpg 2048w\" sizes=\"auto, (max-width: 1024px) 100vw, 1024px\" \/><\/figure>\n\n\n\n<figure class=\"wp-block-image size-large\"><img loading=\"lazy\" decoding=\"async\" width=\"314\" height=\"199\" data-id=\"142\" src=\"https:\/\/shakuhachi.fi\/wp-content\/uploads\/2021\/03\/i-img1200x1200-1614233283gdfkgc43127-1.png\" alt=\"\" class=\"wp-image-142\" srcset=\"https:\/\/shakuhachi.fi\/wp-content\/uploads\/2021\/03\/i-img1200x1200-1614233283gdfkgc43127-1.png 314w, https:\/\/shakuhachi.fi\/wp-content\/uploads\/2021\/03\/i-img1200x1200-1614233283gdfkgc43127-1-300x190.png 300w\" sizes=\"auto, (max-width: 314px) 100vw, 314px\" \/><\/figure>\n\n\n\n<figure class=\"wp-block-image size-large\"><img loading=\"lazy\" decoding=\"async\" width=\"1024\" height=\"726\" data-id=\"230\" src=\"https:\/\/shakuhachi.fi\/wp-content\/uploads\/2021\/09\/2-1024x726.png\" alt=\"\" class=\"wp-image-230\" srcset=\"https:\/\/shakuhachi.fi\/wp-content\/uploads\/2021\/09\/2-1024x726.png 1024w, https:\/\/shakuhachi.fi\/wp-content\/uploads\/2021\/09\/2-300x213.png 300w, https:\/\/shakuhachi.fi\/wp-content\/uploads\/2021\/09\/2-768x545.png 768w, https:\/\/shakuhachi.fi\/wp-content\/uploads\/2021\/09\/2.png 1328w\" sizes=\"auto, (max-width: 1024px) 100vw, 1024px\" \/><\/figure>\n<\/figure>\n\n\n\n<p>Vietimme Suomen Shakuhachiyhdistyksen kev\u00e4\u00e4ll\u00e4 2021 tapahtuneen perustamisen kunniaksi kes\u00e4ll\u00e4 muutaman y\u00f6n Kangasalan luonnon helmassa sijaitsevassa leirikeskuksessa. Paikalla meit\u00e4 oli 7 innokasta shakuhachin soittelijaa.<\/p>\n\n\n\n<p>Ohjelmassa oli mm:<\/p>\n\n\n\n<ul class=\"wp-block-list\">\n<li>Pitki\u00e4 ja hartaita improvisaatiosessiotia<\/li>\n\n\n\n<li>Hitoyogiri-shakuhachin valmistuksen pikakurssi.<\/li>\n\n\n\n<li>Japanilaisen leimasimen valmistaminen nuottien merkitsemist\u00e4 varten. <\/li>\n\n\n\n<li>Yasunori Tanin mestarikurssi<\/li>\n\n\n\n<li>Saunomista, uimista, ruoanlaittoa ym.<\/li>\n<\/ul>\n\n\n\n<p>Leiri j\u00e4rjestettiin Vahderp\u00e4\u00e4n leirikeskuksessa Kangasalla. <\/p>\n\n\n\n<hr class=\"wp-block-separator has-css-opacity\"\/>\n\n\n\n<h2 class=\"wp-block-heading\">15.6.2021 Karun esiintyminen Annalan puutarhalla j\u00e4rjestetyss\u00e4 iirisjuhlassa<\/h2>\n\n\n\n<p>(p\u00e4\u00e4j\u00e4rjest\u00e4j\u00e4t Suomen Japani-yhdistys, sek\u00e4 Hy\u00f6tykasviyhdistys) Tapahtuman j\u00e4lkeen paikallaolijoista kokoontui iso ryhm\u00e4 soittajien ymp\u00e4rille innostuneena kyselem\u00e4\u00e4n shakuhacheista. T\u00e4ll\u00f6in yhtyeen nimi ei tosin ollut viel\u00e4 p\u00e4\u00e4tetty, joten ei varsinaisesti Karu -nimell\u00e4 viel\u00e4.<\/p>\n\n\n\n<hr class=\"wp-block-separator has-css-opacity\"\/>\n\n\n\n<h2 class=\"wp-block-heading\">20.5.2021 Suomenlinnassa j\u00e4rjestettiin Suomen Shakuhachi ry:n perustamiskokous.<\/h2>\n\n\n\n<p> Paikalla oli 4 henkil\u00f6\u00e4, joiden lis\u00e4ksi kokoukseen osallistui et\u00e4yhteyden avulla 2 henkil\u00f6\u00e4. Yhdistykselle luotiin s\u00e4\u00e4nn\u00f6t, valittiin nelihenkinen hallitus ja tulevasta toiminnasta keskusteltiin. Arviot l\u00e4hiaikoina yhdistykseen liittyvist\u00e4 j\u00e4senist\u00e4 olivat noin parinkymmenen henkil\u00f6n tienoilla, mutta keskustelussa toiveikkaasti spekuloitiin useammankin kymmenen henkil\u00f6n yhdistykseksi muokkautumista vuoden 2021 aikana<\/p>","protected":false},"excerpt":{"rendered":"<p>21.9.2024 Japani-matsuri tapahtuma &#8211; j\u00e4seni\u00e4 esiintym\u00e4ss\u00e4 2.8.2024 Konsertti Roihuvuoren kirkossa, Helsingiss\u00e4 Summer Schoolissa olleista opettajista j\u00e4i osa viel\u00e4 joksikin aikaa Suomeen ja j\u00e4rjestettiin konsertti Roihuvuoren kirkossa. 29.7.-1.8.2024 ESS Summer School Kruusilassa, Salossa Vuosi 2024 oli Suomessa historiallinen vuosi mit\u00e4 shakuhachiin tulee, sill\u00e4 hein\u00e4-elokuun vaihteessa j\u00e4rjestettiin Euroopan Shakuhachi -yhdistyksen Summer School Kruusilassa (Salossa) T\u00e4m\u00e4n yhteydess\u00e4 j\u00e4rjestettiin<\/p><\/div>\n<div class=\"blog-btn\"><a href=\"https:\/\/shakuhachi.fi\/en\/menneita-tapahtumia\/\" class=\"home-blog-btn\">Read More<\/a><\/p>","protected":false},"author":2,"featured_media":0,"parent":0,"menu_order":0,"comment_status":"closed","ping_status":"closed","template":"","meta":{"footnotes":""},"class_list":["post-86","page","type-page","status-publish","hentry"],"_links":{"self":[{"href":"https:\/\/shakuhachi.fi\/en\/wp-json\/wp\/v2\/pages\/86","targetHints":{"allow":["GET"]}}],"collection":[{"href":"https:\/\/shakuhachi.fi\/en\/wp-json\/wp\/v2\/pages"}],"about":[{"href":"https:\/\/shakuhachi.fi\/en\/wp-json\/wp\/v2\/types\/page"}],"author":[{"embeddable":true,"href":"https:\/\/shakuhachi.fi\/en\/wp-json\/wp\/v2\/users\/2"}],"replies":[{"embeddable":true,"href":"https:\/\/shakuhachi.fi\/en\/wp-json\/wp\/v2\/comments?post=86"}],"version-history":[{"count":15,"href":"https:\/\/shakuhachi.fi\/en\/wp-json\/wp\/v2\/pages\/86\/revisions"}],"predecessor-version":[{"id":555,"href":"https:\/\/shakuhachi.fi\/en\/wp-json\/wp\/v2\/pages\/86\/revisions\/555"}],"wp:attachment":[{"href":"https:\/\/shakuhachi.fi\/en\/wp-json\/wp\/v2\/media?parent=86"}],"curies":[{"name":"wp","href":"https:\/\/api.w.org\/{rel}","templated":true}]}}