{"id":163,"date":"2021-03-06T22:39:21","date_gmt":"2021-03-06T20:39:21","guid":{"rendered":"https:\/\/shakuhachi.fi\/?page_id=163"},"modified":"2024-12-19T20:28:53","modified_gmt":"2024-12-19T18:28:53","slug":"jaseneksi","status":"publish","type":"page","link":"https:\/\/shakuhachi.fi\/ja\/jaseneksi\/","title":{"rendered":"\u5165\u4f1a\u7533\u8fbc\u30d5\u30a9\u30fc\u30e0"},"content":{"rendered":"<p>\u30d5\u30a3\u30f3\u30e9\u30f3\u30c9\u5c3a\u516b\u5354\u4f1a\u306e\u5165\u4f1a\u7533\u3057\u8fbc\u307f\u306f\u3001\u3053\u306e\u30d5\u30a9\u30fc\u30e0\u3092\u9001\u4fe1\u3044\u305f\u3060\u3051\u308c\u3070\u3001\u6b21\u56de\u306e\u5f79\u54e1\u4f1a\u3067\u30e1\u30f3\u30d0\u30fc\u767b\u9332\u3092\u884c\u3044\u307e\u3059\u3002\u5e74\u4f1a\u8cbb\u306f\uff15\u30e6\u30fc\u30ed\u3067\u3001\u5165\u4f1a\u8cbb\u306f\u3042\u308a\u307e\u305b\u3093\u3002 <\/p>\n\n\n\n<p>\u5f79\u54e1\u4f1a\u3067\u65b0\u4f1a\u54e1\u767b\u9332\u304c\u3067\u304d\u305f\u5f8c\u3001\u30e1\u30fc\u30eb\u3067\u5e74\u4f1a\u8cbb\u306e\u8acb\u6c42\u66f8\u3092\u9001\u308a\u307e\u3059\u3002\u305d\u306e\u5f8c\u6bce\u5e74\u5e74\u4f1a\u306e\u5f8c\u8acb\u6c42\u66f8\u3092\u9001\u308a\u307e\u3059\u3002<\/p>\n\n\n\n<p>\u5165\u4f1a\u767b\u9332\u30d5\u30a9\u30fc\u30e0\u3067\u30e1\u30fc\u30eb\u30de\u30ac\u30b8\u30f3\u3092\u5e0c\u671b\u3059\u308b\u30c1\u30a7\u30c3\u30af\u30dc\u30c3\u30af\u30b9\u3092\u9078\u3079\u3070\u3001\u4e3b\u306a\u30a4\u30d9\u30f3\u30c8\uff08\u6f14\u594f\u4f1a\u3001\u5408\u5bbf\uff09\u306b\u95a2\u3057\u3066\u30e1\u30fc\u30eb\u3067\u304a\u77e5\u3089\u305b\u3057\u307e\u3059\u3002<\/p>\n\n\n\n<p><strong>HUOM:<\/strong> P\u00e4\u00e4osin yhdistyksen sis\u00e4iset keskustelut ym. shakuhachi-tiedonjako jne tapahtuu Discord keskusteluissa, eli jos haluat olla osana n\u00e4it\u00e4 keskusteluja valitse niin hakemuksesta, niin l\u00e4het\u00e4mme linkin. Nettisivuille ja s\u00e4hk\u00f6postitiedotukseen tieto tapahtumista p\u00e4\u00e4tyy usein hieman my\u00f6hemmin, joten parhaiten pysyy k\u00e4rryill\u00e4 liittym\u00e4ll\u00e4 Discord-kanavalle.<\/p>\n\n\n\n<div class=\"wp-block-contact-form-7-contact-form-selector\">\n<div class=\"wpcf7 no-js\" id=\"wpcf7-f200-o1\" lang=\"fi\" dir=\"ltr\" data-wpcf7-id=\"200\">\n<div class=\"screen-reader-response\"><p role=\"status\" aria-live=\"polite\" aria-atomic=\"true\"><\/p> <ul><\/ul><\/div>\n<form action=\"\/ja\/wp-json\/wp\/v2\/pages\/163#wpcf7-f200-o1\" method=\"post\" class=\"wpcf7-form init\" aria-label=\"Yhteydenottolomake\" novalidate=\"novalidate\" data-status=\"init\" data-trp-original-action=\"\/ja\/wp-json\/wp\/v2\/pages\/163#wpcf7-f200-o1\">\n<fieldset class=\"hidden-fields-container\"><input type=\"hidden\" name=\"_wpcf7\" value=\"200\" \/><input type=\"hidden\" name=\"_wpcf7_version\" value=\"6.1\" \/><input type=\"hidden\" name=\"_wpcf7_locale\" value=\"fi\" \/><input type=\"hidden\" name=\"_wpcf7_unit_tag\" value=\"wpcf7-f200-o1\" \/><input type=\"hidden\" name=\"_wpcf7_container_post\" value=\"0\" \/><input type=\"hidden\" name=\"_wpcf7_posted_data_hash\" value=\"\" \/>\n<\/fieldset>\n<p><label> \u540d\u524d<br \/>\n<span class=\"wpcf7-form-control-wrap\" data-name=\"your-name\"><input size=\"40\" maxlength=\"400\" class=\"wpcf7-form-control wpcf7-text wpcf7-validates-as-required\" aria-required=\"true\" aria-invalid=\"false\" value=\"\" type=\"text\" name=\"your-name\" \/><\/span> <\/label>\n<\/p>\n<p><label> \u82d7\u5b57<br \/>\n<span class=\"wpcf7-form-control-wrap\" data-name=\"your-surname\"><input size=\"40\" maxlength=\"400\" class=\"wpcf7-form-control wpcf7-text wpcf7-validates-as-required\" aria-required=\"true\" aria-invalid=\"false\" value=\"\" type=\"text\" name=\"your-surname\" \/><\/span> <\/label>\n<\/p>\n<p><label> \u30e1\u30fc\u30eb\u30a2\u30c9\u30ec\u30b9<br \/>\n<span class=\"wpcf7-form-control-wrap\" data-name=\"your-email\"><input size=\"40\" maxlength=\"400\" class=\"wpcf7-form-control wpcf7-email wpcf7-validates-as-required wpcf7-text wpcf7-validates-as-email\" aria-required=\"true\" aria-invalid=\"false\" value=\"\" type=\"email\" name=\"your-email\" \/><\/span> <\/label>\n<\/p>\n<p><label> \u304a\u4f4f\u307e\u3044\u306e\u5e02\u753a\u6751<br \/>\n<span class=\"wpcf7-form-control-wrap\" data-name=\"your-city\"><input size=\"40\" maxlength=\"400\" class=\"wpcf7-form-control wpcf7-text wpcf7-validates-as-required\" aria-required=\"true\" aria-invalid=\"false\" value=\"\" type=\"text\" name=\"your-city\" \/><\/span> <\/label>\n<\/p>\n<p><span class=\"wpcf7-form-control-wrap\" data-name=\"checkbox-217\"><span class=\"wpcf7-form-control wpcf7-checkbox\"><span class=\"wpcf7-list-item first\"><label><input type=\"checkbox\" name=\"checkbox-217[]\" value=\"Haluan tietoa tapahtumista s\u00e4hk\u00f6postitse\" \/><span class=\"wpcf7-list-item-label\">\u30e1\u30fc\u30eb\u30de\u30ac\u30b8\u30f3\u3092\u5e0c\u671b\u3059\u308b<\/span><\/label><\/span><span class=\"wpcf7-list-item last\"><label><input type=\"checkbox\" name=\"checkbox-217[]\" value=\"Haluan kutsun Discord-kanavalle\" \/><span class=\"wpcf7-list-item-label\">Discord\u30b5\u30fc\u30d0\u30fc\u30e1\u30f3\u30d0\u30fc\u30b7\u30c3\u30d7\u3092\u7533\u3057\u8fbc\u3080<\/span><\/label><\/span><\/span><\/span>\n<\/p>\n<p><input class=\"wpcf7-form-control wpcf7-submit has-spinner\" type=\"submit\" value=\"\u9001\u4fe1\" \/>\n<\/p><p style=\"display: none !important;\" class=\"akismet-fields-container\" data-prefix=\"_wpcf7_ak_\"><label>&#916;<textarea name=\"_wpcf7_ak_hp_textarea\" cols=\"45\" rows=\"8\" maxlength=\"100\"><\/textarea><\/label><input type=\"hidden\" id=\"ak_js_1\" name=\"_wpcf7_ak_js\" value=\"84\"\/><script>document.getElementById( \"ak_js_1\" ).setAttribute( \"value\", ( new Date() ).getTime() );<\/script><\/p><div class=\"wpcf7-response-output\" aria-hidden=\"true\"><\/div>\n<input type=\"hidden\" name=\"trp-form-language\" value=\"ja\"\/><\/form>\n<\/div>\n<\/div>\n\n\n\n<p>\u3053\u306e\u30d5\u30a9\u30fc\u30e0\u3067\u5165\u4f1a\u7533\u3057\u8fbc\u307f\u304c\u9001\u4fe1\u3067\u304d\u306a\u3044\u5834\u5408\u3001\u540c\u3058\u60c5\u5831\u3092info@shakuhachi.fi\u306b\u9001\u3063\u3066\u3044\u305f\u3060\u304f\u5f62\u3067\u3082\u7d50\u69cb\u3067\u3059\u3002<\/p>","protected":false},"excerpt":{"rendered":"<p>Suomen shakuhachiyhdistyksen j\u00e4seneksi voi liitty\u00e4 t\u00e4ytt\u00e4m\u00e4ll\u00e4 seuraavan lomakkeen. Hallitus hyv\u00e4ksyy uudet j\u00e4senet seuraavassa kokouksessa. J\u00e4senyys 5\u20ac per vuosi, ei erillist\u00e4 liittymismaksua. Saatte laskun j\u00e4senmaksua varten s\u00e4hk\u00f6postitse hallituksen hyv\u00e4ksytty\u00e4 j\u00e4senyytenne. Ja sen j\u00e4lkeen vuosittain vuosikokouksen j\u00e4lkeen. Jos valitsette kaavakkeesta haluavanne s\u00e4hk\u00f6postiin tiedotusta tapahtumistamme, l\u00e4het\u00e4mme harvakseltaan ainoastaan tiedotusta konserteista ym. merkitt\u00e4v\u00e4mmist\u00e4 tapahtumistamme. HUOM: P\u00e4\u00e4osin yhdistyksen sis\u00e4iset keskustelut ym. shakuhachi-tiedonjako jne tapahtuu Discord keskusteluissa, eli jos haluat olla osana n\u00e4it\u00e4 keskusteluja valitse niin hakemuksesta, niin l\u00e4het\u00e4mme linkin. Nettisivuille ja s\u00e4hk\u00f6postitiedotukseen tieto tapahtumista p\u00e4\u00e4tyy usein hieman my\u00f6hemmin, joten parhaiten pysyy k\u00e4rryill\u00e4 liittym\u00e4ll\u00e4 Discord-kanavalle. Mik\u00e4li lomake ei jostain syyst\u00e4 toimi, voitte l\u00e4hett\u00e4\u00e4 vastaavat tiedot osoitteeseen info@shakuhachi.fi<\/p>","protected":false},"author":2,"featured_media":0,"parent":0,"menu_order":0,"comment_status":"closed","ping_status":"closed","template":"","meta":{"footnotes":""},"class_list":["post-163","page","type-page","status-publish","hentry"],"_links":{"self":[{"href":"https:\/\/shakuhachi.fi\/ja\/wp-json\/wp\/v2\/pages\/163","targetHints":{"allow":["GET"]}}],"collection":[{"href":"https:\/\/shakuhachi.fi\/ja\/wp-json\/wp\/v2\/pages"}],"about":[{"href":"https:\/\/shakuhachi.fi\/ja\/wp-json\/wp\/v2\/types\/page"}],"author":[{"embeddable":true,"href":"https:\/\/shakuhachi.fi\/ja\/wp-json\/wp\/v2\/users\/2"}],"replies":[{"embeddable":true,"href":"https:\/\/shakuhachi.fi\/ja\/wp-json\/wp\/v2\/comments?post=163"}],"version-history":[{"count":12,"href":"https:\/\/shakuhachi.fi\/ja\/wp-json\/wp\/v2\/pages\/163\/revisions"}],"predecessor-version":[{"id":568,"href":"https:\/\/shakuhachi.fi\/ja\/wp-json\/wp\/v2\/pages\/163\/revisions\/568"}],"wp:attachment":[{"href":"https:\/\/shakuhachi.fi\/ja\/wp-json\/wp\/v2\/media?parent=163"}],"curies":[{"name":"wp","href":"https:\/\/api.w.org\/{rel}","templated":true}]}}