{"id":21,"date":"2021-03-01T05:51:45","date_gmt":"2021-03-01T03:51:45","guid":{"rendered":"https:\/\/shakuhachi.fi\/my-calendar\/"},"modified":"2025-07-13T20:17:20","modified_gmt":"2025-07-13T17:17:20","slug":"calendar","status":"publish","type":"page","link":"https:\/\/shakuhachi.fi\/ja\/calendar\/","title":{"rendered":"\u30ab\u30ec\u30f3\u30c0\u30fc"},"content":{"rendered":"<p><\/p>\n\n\n<p><iframe loading=\"lazy\" style=\"border: 0;\" src=\"https:\/\/calendar.google.com\/calendar\/embed?src=d55afa2688da3070cd0a252bbf1751b170f0ae89d468f9f8fa03d48818442f72%40group.calendar.google.com&amp;ctz=Europe%2FHelsinki\" width=\"100%\" height=\"600\" frameborder=\"0\" scrolling=\"no\"><\/iframe><\/p>\n\n\n<h2 class=\"wp-block-heading has-text-align-center\">Vuoden 2025 p\u00e4\u00e4tapahtumat:<\/h2>\n\n\n\n<h3 class=\"wp-block-heading\"><a href=\"\/ja\/may-tour-2025\/\">23.-26.5. Konserttikiertue Tampere\/Parainen\/Helsinki<\/a><\/h3>\n\n\n\n<h3 class=\"wp-block-heading\" id=\"block-dd279699-91df-4ba1-b87a-eef9b6c0e49f\"><a href=\"https:\/\/shakuhachi.fi\/ja\/japanilaisen-musiikin-kesakurssi-kangasalla\/\" data-type=\"link\" data-id=\"https:\/\/shakuhachi.fi\/japanilaisen-musiikin-kesakurssi-kangasalla\/\">18.-20.7. Japanilaisen musiikin kes\u00e4kurssi Kangasalla<\/a> <\/h3>\n\n\n\n<p>  <strong><a href=\"https:\/\/shakuhachi.fi\/ja\/19july25_concert\/\" data-type=\"link\" data-id=\"https:\/\/shakuhachi.fi\/19july25_concert\/\">ja 19.7. konsertti Kangasalan kirkossa<\/a><\/strong><\/p>\n\n\n\n<p>Yhdistyksen j\u00e4rjest\u00e4m\u00e4 kes\u00e4leiri \/ kurssi j\u00e4rjestet\u00e4\u00e4n taas Kangasalla, Tampereen l\u00e4hell\u00e4. T\u00e4n\u00e4 vuonna mukana my\u00f6s <a href=\"https:\/\/www.instagram.com\/zuiko_shyamisen\/\" data-type=\"link\" data-id=\"https:\/\/www.instagram.com\/zuiko_shyamisen\/\">tsugaru-shamisenin soittaja Zuiko<\/a>. T\u00e4ll\u00e4 kertaa leiriin sis\u00e4ltyy my\u00f6s konsertti Kangasalan kirkossa.<\/p>\n\n\n\n<p>Paikka: <a href=\"https:\/\/www.kangasala.fi\/hyvinvointi-ja-vapaa-aika\/vuokrattavat-tilat-ja-paikat\/kuvia\/vahderpaa\/\">Vahderp\u00e4\u00e4n vapaa-aikakeskus<\/a>, Vahderp\u00e4\u00e4ntie 84, 36200 Kangasala <\/p>\n\n\n\n<p>(konsertti: Kangasalan kirkko, Ainontie 1, 36200 Kangasala, klo 18 alkaen. Ilmainen p\u00e4\u00e4sy)<\/p>\n\n\n\n<p><a href=\"\/ja\/japanilaisen-musiikin-kesakurssi-kangasalla\/\">kts. tarkemmin ohjelmasta t\u00e4\u00e4lt\u00e4<\/a><\/p>\n\n\n\n<h3 class=\"wp-block-heading\" id=\"block-dd279699-91df-4ba1-b87a-eef9b6c0e49f\">14.-31.9. Yhdistyksen matka Japaniin<\/h3>\n\n\n\n<p>J\u00e4rjest\u00e4mme yhteismatkan Japaniin, jossa p\u00e4\u00e4semme osallistumaan shakuhachi-tapahtumiin, kuuntelemaan konsertteja, tapaamaan mestarisoittajia ja kokemaan laajalti muutenkin Japanin kulttuuria. Matkaan voi tulla mukaan matalalla kynnyksell\u00e4, vaikkei olisi edistynyt shakuhachin soittaja. Ohjelman p\u00e4\u00e4kohteena on Isen pyh\u00e4tt\u00f6, merkitt\u00e4vin Shintolaispyh\u00e4tt\u00f6, ja osallistuminen siell\u00e4 Ueda-ryu -shakuhachikoulukunnan tapahtumaan. Lis\u00e4ksi shakuhachi-ryhm\u00e4tunnit, opettajina Tani Yasunori, Fujiwara D\u014dzan, Zeny\u014dji Keisuke, Kakizakai Kaoru ja Shawn Tairy\u016b Head. Sek\u00e4 k\u00e4ymme shakuhachirakentajien pajoilla: Gyokusui, Ichij\u014d, Sensh\u016b, Y\u014dzan ja tutustumme muutenkin monella lailla japanilaiseen kulttuuriin, mm. mustemaalaustunti, vuorik\u00e4velyt, japanilaista ruokaa jne jne. Mukaan saattaa mahtua viel\u00e4 porukkaan, joten jos innostut, ota yhteytt\u00e4 ja kysy lis\u00e4\u00e4 tietoja matkasta osoitteesta: info@shakuhachi.fi <\/p>\n\n\n\n<p><\/p>","protected":false},"excerpt":{"rendered":"<p>Vuoden 2025 p\u00e4\u00e4tapahtumat: 23.-26.5. Konserttikiertue Tampere\/Parainen\/Helsinki 18.-20.7. Japanilaisen musiikin kes\u00e4kurssi Kangasalla ja 19.7. konsertti Kangasalan kirkossa Yhdistyksen j\u00e4rjest\u00e4m\u00e4 kes\u00e4leiri \/ kurssi j\u00e4rjestet\u00e4\u00e4n taas Kangasalla, Tampereen l\u00e4hell\u00e4. T\u00e4n\u00e4 vuonna mukana my\u00f6s tsugaru-shamisenin soittaja Zuiko. T\u00e4ll\u00e4 kertaa leiriin sis\u00e4ltyy my\u00f6s konsertti Kangasalan kirkossa. Paikka: Vahderp\u00e4\u00e4n vapaa-aikakeskus, Vahderp\u00e4\u00e4ntie 84, 36200 Kangasala (konsertti: Kangasalan kirkko, Ainontie 1, 36200 Kangasala, klo 18 alkaen. Ilmainen p\u00e4\u00e4sy) kts. tarkemmin ohjelmasta t\u00e4\u00e4lt\u00e4 14.-31.9. Yhdistyksen matka Japaniin J\u00e4rjest\u00e4mme yhteismatkan Japaniin, jossa p\u00e4\u00e4semme osallistumaan shakuhachi-tapahtumiin, kuuntelemaan konsertteja, tapaamaan mestarisoittajia ja kokemaan laajalti muutenkin Japanin kulttuuria. Matkaan voi tulla mukaan matalalla kynnyksell\u00e4, vaikkei olisi edistynyt shakuhachin soittaja. Ohjelman p\u00e4\u00e4kohteena on Isen pyh\u00e4tt\u00f6, merkitt\u00e4vin Shintolaispyh\u00e4tt\u00f6, ja osallistuminen siell\u00e4 Ueda-ryu -shakuhachikoulukunnan tapahtumaan. Lis\u00e4ksi<\/p><\/div>\n<div class=\"blog-btn\"><a href=\"https:\/\/shakuhachi.fi\/ja\/calendar\/\" class=\"home-blog-btn\">\u7d9a\u304d\u3092\u8aad\u3080<\/a><\/p>","protected":false},"author":2,"featured_media":0,"parent":0,"menu_order":0,"comment_status":"closed","ping_status":"closed","template":"","meta":{"footnotes":""},"class_list":["post-21","page","type-page","status-publish","hentry"],"_links":{"self":[{"href":"https:\/\/shakuhachi.fi\/ja\/wp-json\/wp\/v2\/pages\/21","targetHints":{"allow":["GET"]}}],"collection":[{"href":"https:\/\/shakuhachi.fi\/ja\/wp-json\/wp\/v2\/pages"}],"about":[{"href":"https:\/\/shakuhachi.fi\/ja\/wp-json\/wp\/v2\/types\/page"}],"author":[{"embeddable":true,"href":"https:\/\/shakuhachi.fi\/ja\/wp-json\/wp\/v2\/users\/2"}],"replies":[{"embeddable":true,"href":"https:\/\/shakuhachi.fi\/ja\/wp-json\/wp\/v2\/comments?post=21"}],"version-history":[{"count":17,"href":"https:\/\/shakuhachi.fi\/ja\/wp-json\/wp\/v2\/pages\/21\/revisions"}],"predecessor-version":[{"id":767,"href":"https:\/\/shakuhachi.fi\/ja\/wp-json\/wp\/v2\/pages\/21\/revisions\/767"}],"wp:attachment":[{"href":"https:\/\/shakuhachi.fi\/ja\/wp-json\/wp\/v2\/media?parent=21"}],"curies":[{"name":"wp","href":"https:\/\/api.w.org\/{rel}","templated":true}]}}