{"id":244,"date":"2021-09-30T00:18:38","date_gmt":"2021-09-29T21:18:38","guid":{"rendered":"https:\/\/shakuhachi.fi\/?page_id=244"},"modified":"2021-11-16T01:06:16","modified_gmt":"2021-11-15T23:06:16","slug":"suomen-shakuhachi-ry","status":"publish","type":"page","link":"https:\/\/shakuhachi.fi\/ja\/suomen-shakuhachi-ry\/","title":{"rendered":"\u30d5\u30a3\u30f3\u30e9\u30f3\u30c9\u5c3a\u516b\u5354\u4f1a"},"content":{"rendered":"<p>\u30d5\u30a3\u30f3\u30e9\u30f3\u30c9\u5c3a\u516b\u5354\u4f1a\u306f\uff12\uff10\uff12\uff10\u5e74\u3001\uff15\u4eba\u306e\u30d5\u30a3\u30f3\u30e9\u30f3\u30c9\u4eba\u5c3a\u516b\u611b\u597d\u5bb6\u304c\u8a2d\u7acb\u3057\u3001\u6570\u5e74\u3067\u305f\u304f\u3055\u3093\u306e\u30e1\u30f3\u30d0\u30fc\u304c\u5897\u3048\u3001\u30d5\u30a3\u30f3\u30e9\u30f3\u30c9\u3067\u5c3a\u516b\u3068\u3044\u3046\u5965\u6df1\u3044\u6587\u5316\u306b\u89e6\u308c\u5408\u3046\u3053\u3068\u304c\u3067\u304d\u308b\u30a4\u30d9\u30f3\u30c8\uff08\u6f14\u594f\u4f1a\u3001\u5408\u5bbf\u3001\u5c3a\u516b\u88fd\u4f5c\u30ef\u30fc\u30af\u30b7\u30e7\u30c3\u30d7\u306a\u3069\uff09\u3092\u884c\u3063\u3066\u3044\u307e\u3059\u3002<\/p>\n\n\n\n<div class=\"wp-block-columns is-layout-flex wp-container-core-columns-is-layout-9d6595d7 wp-block-columns-is-layout-flex\">\n<div class=\"wp-block-column is-layout-flow wp-block-column-is-layout-flow\" style=\"flex-basis:100%\">\n<figure class=\"wp-block-gallery columns-2 is-cropped wp-block-gallery-1 is-layout-flex wp-block-gallery-is-layout-flex\"><ul class=\"blocks-gallery-grid\"><li class=\"blocks-gallery-item\"><figure><img loading=\"lazy\" decoding=\"async\" width=\"1024\" height=\"767\" src=\"https:\/\/shakuhachi.fi\/wp-content\/uploads\/2021\/09\/shaku-1024x767.png\" alt=\"\" data-id=\"249\" data-full-url=\"https:\/\/shakuhachi.fi\/wp-content\/uploads\/2021\/09\/shaku.png\" data-link=\"https:\/\/shakuhachi.fi\/suomen-shakuhachi-ry\/attachment\/shaku\/\" class=\"wp-image-249\" srcset=\"https:\/\/shakuhachi.fi\/wp-content\/uploads\/2021\/09\/shaku-1024x767.png 1024w, https:\/\/shakuhachi.fi\/wp-content\/uploads\/2021\/09\/shaku-300x225.png 300w, https:\/\/shakuhachi.fi\/wp-content\/uploads\/2021\/09\/shaku-768x575.png 768w, https:\/\/shakuhachi.fi\/wp-content\/uploads\/2021\/09\/shaku.png 1136w\" sizes=\"auto, (max-width: 1024px) 100vw, 1024px\" \/><\/figure><\/li><li class=\"blocks-gallery-item\"><figure><img loading=\"lazy\" decoding=\"async\" width=\"1024\" height=\"726\" src=\"https:\/\/shakuhachi.fi\/wp-content\/uploads\/2021\/09\/2-1-1024x726.png\" alt=\"\" data-id=\"248\" data-full-url=\"https:\/\/shakuhachi.fi\/wp-content\/uploads\/2021\/09\/2-1.png\" data-link=\"https:\/\/shakuhachi.fi\/suomen-shakuhachi-ry\/attachment\/2-1\/\" class=\"wp-image-248\" srcset=\"https:\/\/shakuhachi.fi\/wp-content\/uploads\/2021\/09\/2-1-1024x726.png 1024w, https:\/\/shakuhachi.fi\/wp-content\/uploads\/2021\/09\/2-1-300x213.png 300w, https:\/\/shakuhachi.fi\/wp-content\/uploads\/2021\/09\/2-1-768x545.png 768w, https:\/\/shakuhachi.fi\/wp-content\/uploads\/2021\/09\/2-1.png 1328w\" sizes=\"auto, (max-width: 1024px) 100vw, 1024px\" \/><\/figure><\/li><\/ul><\/figure>\n<\/div>\n<\/div>\n\n\n\n<p>  \u5c3a\u516b\u3068\u306f\u3001\u3055\u307e\u3056\u307e\u306a\u97f3\u8272\u304c\u53ef\u80fd\u306a\u3001\u72ec\u7279\u306a\u697d\u5668\u3067\u3042\u308a\u306a\u304c\u3089\u3001\u5c3a\u516b\u672c\u4f53\u3068\u305d\u306e\u97f3\u697d\u3092\u4e2d\u5fc3\u306b\u3067\u304d\u3066\u3044\u308b\u5927\u5207\u306a\u6587\u5316\u306e\u584a\u3068\u3044\u3046\u98a8\u306b\u601d\u3044\u307e\u3059\u3002\u5c3a\u516b\u306b\u6700\u9069\u306a\u7af9\u6750\u306e\u9078\u3073\u65b9\u3001\u5c3a\u516b\u88fd\u4f5c\u306e\u7d30\u304b\u3044\u4f5c\u696d\u3068\u6f14\u594f\u5bb6\u306e\u6280\u8853\u3001\u305f\u304f\u3055\u3093\u306e\u6d41\u6d3e\u305d\u308c\u305e\u308c\u306e\u5439\u304d\u65b9\u3084\u8003\u3048\u65b9\u3001\u6642\u4ee3\u3068\u3068\u3082\u306b\u5909\u308f\u3089\u306a\u3044\u3068\u3053\u308d\u3068\u5909\u308f\u308b\u3068\u3053\u308d\u3001\u3001\u3001<\/p>\n\n\n\n<p>  \u30d5\u30a3\u30f3\u30e9\u30f3\u30c9\u5c3a\u516b\u5354\u4f1a\u306f\u3053\u306e\u5965\u6df1\u3044\u4f1d\u7d71\u3092\u5c0a\u656c\u3057\u3001\u30d5\u30a3\u30f3\u30e9\u30f3\u30c9\u3067\u304a\u4f1d\u3048\u3059\u308b\u3053\u3068\u3092\u76ee\u6a19\u306b\u3057\u3066\u3044\u307e\u3059\u3002\u307e\u305f\u306f\u3001\u5c3a\u516b\u3092\u901a\u3057\u3066\u6c17\u6301\u3061\u3092\u8868\u3059\u3053\u3068\u3001\u81ea\u7531\u306b\u5439\u304f\u3053\u3068\u3001\u305d\u308c\u305e\u308c\u500b\u6027\u3092\u6301\u3063\u3066\u81ea\u5206\u306e\u6b69\u307f\u305f\u3044\u5c3a\u516b\u306e\u9053\u3092\u6b69\u3080\u3053\u3068\u3082\u5927\u4e8b\u3060\u3068\u601d\u3044\u307e\u3059<\/p>\n\n\n\n<p>  \u30d5\u30a3\u30f3\u30e9\u30f3\u30c9\u5c3a\u516b\u5354\u4f1a\u306f\u4e3b\u306b\u30d5\u30a3\u30f3\u30e9\u30f3\u30c9\u3067\u5c3a\u516b\u306e\u6f14\u594f\u3001\u5354\u4f1a\u54e1\u5411\u3051\u306e\u5408\u5bbf\u306a\u3069\u306e\u30a4\u30d9\u30f3\u30c8\u3092\u958b\u50ac\u3057\u3066\u3044\u307e\u3059\u3002\n\n\u4f1a\u54e1\u306b\u306f\u4e3b\u306bDiscord\u3067\u30a4\u30d9\u30f3\u30c8\u306e\u304a\u77e5\u3089\u305b\u3084\u5c3a\u516b\u306b\u95a2\u3057\u3066\u306e\u30c1\u30e3\u30c3\u30c8\u306a\u3069\u3092\u884c\u3063\u3066\u3044\u307e\u3059\u3002\u6f14\u594f\u4f1a\u3084\u5408\u5bbf\u306e\u77e5\u3089\u305b\u306f\u30e1\u30fc\u30eb\u30de\u30ac\u30b8\u30f3\u3067\u63d0\u4f9b\u3057\u3066\u3044\u307e\u3059\u3002<\/p>\n\n\n\n<p>  Tervetuloa mukaan! <\/p>\n\n\n\n<p><a href=\"https:\/\/shakuhachi.fi\/ja\/jaseneksi\/\" data-type=\"page\" data-id=\"163\">\u5165\u4f1a\u7533\u8fbc\u30d5\u30a9\u30fc\u30e0<\/a><\/p>\n\n\n\n<p>  <\/p>","protected":false},"excerpt":{"rendered":"<p>Idea yhdistyksen perustamiseen syntyi syksyll\u00e4 2020 muutaman shakuhachin soittajan l\u00f6ydetty\u00e4 toisensa ja huomattua sen, kuinka paljon kiinnostusta ja innostusta soitinta kohtaan Suomessa on. Shakuhachi on paitsi monis\u00e4vyinen ja yksil\u00f6llinen soitin, my\u00f6s kulttuurin aarreaitta, joka kattaa sis\u00e4\u00e4ns\u00e4 soittimen v\u00e4rikk\u00e4\u00e4n historian sek\u00e4 Japanissa, ett\u00e4 maailmanlaajuisesti. T\u00e4t\u00e4 monis\u00e4vyisyytt\u00e4 kuvaa esimerkiksi se yksityiskohtainen pikkutarkkuus, jolla perinteiseen shakuhachiin sopiva materiaali valitaan &#8211; mik\u00e4 tahansa bambu ei suinkaan kelpaa, vaan asiantuntija valitsee vain tietyn lajin (madake) bambun, joka kasvaa juuri tietynlaisessa ymp\u00e4rist\u00f6ss\u00e4, ja silloinkin vain juuri mittasuhteiltaan ja i\u00e4lt\u00e4\u00e4n sopivan yksil\u00f6n. T\u00e4m\u00e4 on yhden shakuhachin alku ja sen ura soittimeksi ja soittajan k\u00e4dess\u00e4 on v\u00e4hint\u00e4\u00e4n yht\u00e4 t\u00e4ynn\u00e4 yksityiskohtaista k\u00e4dentaitoa. Yhdistyksemme toimintaan sitoutuu sek\u00e4 n\u00e4iden perinteiden kunnioitus<\/p><\/div>\n<div class=\"blog-btn\"><a href=\"https:\/\/shakuhachi.fi\/ja\/suomen-shakuhachi-ry\/\" class=\"home-blog-btn\">\u7d9a\u304d\u3092\u8aad\u3080<\/a><\/p>","protected":false},"author":2,"featured_media":0,"parent":0,"menu_order":0,"comment_status":"closed","ping_status":"closed","template":"","meta":{"footnotes":""},"class_list":["post-244","page","type-page","status-publish","hentry"],"_links":{"self":[{"href":"https:\/\/shakuhachi.fi\/ja\/wp-json\/wp\/v2\/pages\/244","targetHints":{"allow":["GET"]}}],"collection":[{"href":"https:\/\/shakuhachi.fi\/ja\/wp-json\/wp\/v2\/pages"}],"about":[{"href":"https:\/\/shakuhachi.fi\/ja\/wp-json\/wp\/v2\/types\/page"}],"author":[{"embeddable":true,"href":"https:\/\/shakuhachi.fi\/ja\/wp-json\/wp\/v2\/users\/2"}],"replies":[{"embeddable":true,"href":"https:\/\/shakuhachi.fi\/ja\/wp-json\/wp\/v2\/comments?post=244"}],"version-history":[{"count":4,"href":"https:\/\/shakuhachi.fi\/ja\/wp-json\/wp\/v2\/pages\/244\/revisions"}],"predecessor-version":[{"id":341,"href":"https:\/\/shakuhachi.fi\/ja\/wp-json\/wp\/v2\/pages\/244\/revisions\/341"}],"wp:attachment":[{"href":"https:\/\/shakuhachi.fi\/ja\/wp-json\/wp\/v2\/media?parent=244"}],"curies":[{"name":"wp","href":"https:\/\/api.w.org\/{rel}","templated":true}]}}