{"id":303,"date":"2021-10-03T21:43:56","date_gmt":"2021-10-03T18:43:56","guid":{"rendered":"https:\/\/shakuhachi.fi\/?page_id=303"},"modified":"2024-11-21T13:32:22","modified_gmt":"2024-11-21T11:32:22","slug":"aanitteita","status":"publish","type":"page","link":"https:\/\/shakuhachi.fi\/ja\/aanitteita\/","title":{"rendered":"\u9332\u97f3"},"content":{"rendered":"<h2 class=\"wp-block-heading\">\u4f1a\u54e1\u306e\u9332\u97f3<\/h2>\n\n\n\n<figure class=\"wp-block-audio\"><audio controls src=\"https:\/\/shakuhachi.fi\/wp-content\/uploads\/2021\/10\/Inori-osa-I.mp3\"><\/audio><figcaption class=\"wp-element-caption\">\u7948\u3000\u30fc\u3000\u30aa\u30c3\u30c8\u30fb\u30a8\u30b9\u30b1\u30ea\u30cd\u30f3<\/figcaption><\/figure>\n\n\n\n<figure class=\"wp-block-audio\"><audio controls src=\"https:\/\/shakuhachi.fi\/wp-content\/uploads\/2024\/11\/ochiba_senzui_101024.mp3\"><\/audio><\/figure>\n\n\n\n<p>Ochiba (Ueda-ryu honkyoku) &#8211; Aaro Haavisto<\/p>\n\n\n\n<p><\/p>","protected":false},"excerpt":{"rendered":"<p>J\u00e4senten \u00e4\u00e4nitt\u00e4mi\u00e4 kappaleita: Ochiba (Ueda-ryu honkyoku) &#8211; Aaro Haavisto<\/p>","protected":false},"author":2,"featured_media":0,"parent":0,"menu_order":0,"comment_status":"closed","ping_status":"closed","template":"","meta":{"footnotes":""},"class_list":["post-303","page","type-page","status-publish","hentry"],"_links":{"self":[{"href":"https:\/\/shakuhachi.fi\/ja\/wp-json\/wp\/v2\/pages\/303","targetHints":{"allow":["GET"]}}],"collection":[{"href":"https:\/\/shakuhachi.fi\/ja\/wp-json\/wp\/v2\/pages"}],"about":[{"href":"https:\/\/shakuhachi.fi\/ja\/wp-json\/wp\/v2\/types\/page"}],"author":[{"embeddable":true,"href":"https:\/\/shakuhachi.fi\/ja\/wp-json\/wp\/v2\/users\/2"}],"replies":[{"embeddable":true,"href":"https:\/\/shakuhachi.fi\/ja\/wp-json\/wp\/v2\/comments?post=303"}],"version-history":[{"count":7,"href":"https:\/\/shakuhachi.fi\/ja\/wp-json\/wp\/v2\/pages\/303\/revisions"}],"predecessor-version":[{"id":552,"href":"https:\/\/shakuhachi.fi\/ja\/wp-json\/wp\/v2\/pages\/303\/revisions\/552"}],"wp:attachment":[{"href":"https:\/\/shakuhachi.fi\/ja\/wp-json\/wp\/v2\/media?parent=303"}],"curies":[{"name":"wp","href":"https:\/\/api.w.org\/{rel}","templated":true}]}}