{"id":33,"date":"2021-03-01T06:11:50","date_gmt":"2021-03-01T04:11:50","guid":{"rendered":"https:\/\/shakuhachi.fi\/?page_id=33"},"modified":"2025-05-06T22:49:28","modified_gmt":"2025-05-06T19:49:28","slug":"tietoa","status":"publish","type":"page","link":"https:\/\/shakuhachi.fi\/ja\/tietoa\/","title":{"rendered":"\u5c3a\u516b\u306b\u3064\u3044\u3066"},"content":{"rendered":"<p><a href=\"\/ja\/shakuhachista\/\">Mik\u00e4 on shakuhachi?<\/a><\/p>\n\n\n\n<p><a href=\"https:\/\/shakuhachi.fi\/ja\/erilaiset-shakuhachit\/\">Erilaiset shakuhachit &#8211; mik\u00e4 sopii minulle ja mik\u00e4 sopii mihinkin?<\/a><\/p>\n\n\n\n<p><a href=\"https:\/\/shakuhachi.fi\/ja\/shakuhachin-historiaa\/\">Shakuhachin historiaa<\/a><\/p>\n\n\n\n<p><a href=\"https:\/\/shakuhachi.fi\/ja\/nuotit-2\/\">J<\/a><a href=\"https:\/\/shakuhachi.fi\/ja\/japanilaiset-nuotit\/\">apanilaiset nuotit<\/a><\/p>\n\n\n\n<p><a href=\"https:\/\/shakuhachi.fi\/ja\/soittotekniikkaa\/\">Soittotekniikkaa<\/a><\/p>\n\n\n\n<p><a href=\"https:\/\/shakuhachi.fi\/ja\/shakuhachien-rakentaminen\/\">Shakuhachin rakentaminen<\/a><\/p>\n\n\n\n<p><a href=\"https:\/\/shakuhachi.fi\/ja\/shakuhachin-kunnossapito-ja-korjaaminen\/\">Shakuhachin kunnossapito ja korjaaminen<\/a><\/p>\n\n\n\n<p>Onko mieless\u00e4si joku tietty aihe liittyen shakuhacheihin, josta haluaisit lis\u00e4tietoa sivuille? Ota yhteytt\u00e4 s\u00e4hk\u00f6postitse osoitteeseen info@shakuhachi.fi<\/p>","protected":false},"excerpt":{"rendered":"<p>Mik\u00e4 on shakuhachi? Erilaiset shakuhachit &#8211; mik\u00e4 sopii minulle ja mik\u00e4 sopii mihinkin? Shakuhachin historiaa Japanilaiset nuotit Soittotekniikkaa Shakuhachin rakentaminen Shakuhachin kunnossapito ja korjaaminen Onko mieless\u00e4si joku tietty aihe liittyen shakuhacheihin, josta haluaisit lis\u00e4tietoa sivuille? Ota yhteytt\u00e4 s\u00e4hk\u00f6postitse osoitteeseen info@shakuhachi.fi<\/p>","protected":false},"author":2,"featured_media":0,"parent":0,"menu_order":0,"comment_status":"closed","ping_status":"closed","template":"","meta":{"footnotes":""},"class_list":["post-33","page","type-page","status-publish","hentry"],"_links":{"self":[{"href":"https:\/\/shakuhachi.fi\/ja\/wp-json\/wp\/v2\/pages\/33","targetHints":{"allow":["GET"]}}],"collection":[{"href":"https:\/\/shakuhachi.fi\/ja\/wp-json\/wp\/v2\/pages"}],"about":[{"href":"https:\/\/shakuhachi.fi\/ja\/wp-json\/wp\/v2\/types\/page"}],"author":[{"embeddable":true,"href":"https:\/\/shakuhachi.fi\/ja\/wp-json\/wp\/v2\/users\/2"}],"replies":[{"embeddable":true,"href":"https:\/\/shakuhachi.fi\/ja\/wp-json\/wp\/v2\/comments?post=33"}],"version-history":[{"count":9,"href":"https:\/\/shakuhachi.fi\/ja\/wp-json\/wp\/v2\/pages\/33\/revisions"}],"predecessor-version":[{"id":729,"href":"https:\/\/shakuhachi.fi\/ja\/wp-json\/wp\/v2\/pages\/33\/revisions\/729"}],"wp:attachment":[{"href":"https:\/\/shakuhachi.fi\/ja\/wp-json\/wp\/v2\/media?parent=33"}],"curies":[{"name":"wp","href":"https:\/\/api.w.org\/{rel}","templated":true}]}}