{"id":390,"date":"2021-11-16T02:34:05","date_gmt":"2021-11-16T00:34:05","guid":{"rendered":"https:\/\/shakuhachi.fi\/?page_id=390"},"modified":"2021-11-16T02:34:05","modified_gmt":"2021-11-16T00:34:05","slug":"soittaja-yhtyeeseen-tai-yhtye-soittajalle","status":"publish","type":"page","link":"https:\/\/shakuhachi.fi\/ja\/soittaja-yhtyeeseen-tai-yhtye-soittajalle\/","title":{"rendered":"\u30b3\u30e9\u30dc\uff0f\u30a2\u30f3\u30b5\u30f3\u30d6\u30eb\u3092\u63a2\u3059"},"content":{"rendered":"<p>\u30d5\u30a3\u30f3\u30e9\u30f3\u30c9\u3067\u6d3b\u8e8d\u3059\u308b\u4e09\u5473\u7dda\u3001\u7434\u306a\u3069\u306e\u6f14\u594f\u5bb6\u3001\u5c3a\u516b\u3068\u6f14\u594f\u3092\u3057\u305f\u3044\u65b9\u3092\u52df\u96c6\u4e2d\u3067\u3059\u3002\u305c\u3072\u9023\u7d61\u3092\u304a\u9858\u3044\u3044\u305f\u3057\u307e\u3059\u3002<\/p>\n\n\n\n<p>\u305d\u306e\u4ed6\u306e\u697d\u5668\u3067\u3082\u9023\u7d61\u304a\u9858\u3044\u3044\u305f\u3057\u307e\u3059\u3002\u5c3a\u516b\u3068\u3044\u308d\u3044\u308d\u306a\u697d\u5668\u3067\u30b3\u30e9\u30dc\u3067\u304d\u307e\u3059\u3002<\/p>\n\n\n\n<p>\u9023\u7d61\u306f\u3053\u306e\u30e1\u30fc\u30eb\u306b\u304a\u9858\u3044\u3057\u307e\u3059\uff1a<\/p>\n\n\n\n<p>info@shakuhachi.fi<\/p>\n\n\n\n<p><\/p>\n\n\n\n<p>\u3082\u3057\u304f\u306f <a href=\"https:\/\/shakuhachi.fi\/ja\/jaseneksi\/\" data-type=\"page\" data-id=\"163\">\u5165\u4f1a\u767b\u9332\u3092\u3057 <\/a>\u4f1a\u54e1\u306eDiscord\u30c1\u30e3\u30c3\u30c8\u3067\u30b3\u30e9\u30dc\u306e\u8a71\u3092\u3057\u307e\u3057\u3087\u3046<\/p>","protected":false},"excerpt":{"rendered":"<p>Soitatko shamisenia, kotoa tai jotakin muuta japanilaista soitinta, jonka monituista repertuaaria shakuhachin kanssa haluaisit p\u00e4\u00e4st\u00e4 soittamaan? Onko sinulla joku muu yhtye \/ soitin, jonka kanssa haluaisit kokea kollaboraatiota shakuhachin kanssa? Ota yhteytt\u00e4 ja kysele info@shakuhachi.fi tai liity j\u00e4seneksi ja ilmoita j\u00e4senille suoraan j\u00e4senten Discordissa halusta soittaa yhdess\u00e4<\/p>","protected":false},"author":2,"featured_media":0,"parent":0,"menu_order":0,"comment_status":"closed","ping_status":"closed","template":"","meta":{"footnotes":""},"class_list":["post-390","page","type-page","status-publish","hentry"],"_links":{"self":[{"href":"https:\/\/shakuhachi.fi\/ja\/wp-json\/wp\/v2\/pages\/390","targetHints":{"allow":["GET"]}}],"collection":[{"href":"https:\/\/shakuhachi.fi\/ja\/wp-json\/wp\/v2\/pages"}],"about":[{"href":"https:\/\/shakuhachi.fi\/ja\/wp-json\/wp\/v2\/types\/page"}],"author":[{"embeddable":true,"href":"https:\/\/shakuhachi.fi\/ja\/wp-json\/wp\/v2\/users\/2"}],"replies":[{"embeddable":true,"href":"https:\/\/shakuhachi.fi\/ja\/wp-json\/wp\/v2\/comments?post=390"}],"version-history":[{"count":1,"href":"https:\/\/shakuhachi.fi\/ja\/wp-json\/wp\/v2\/pages\/390\/revisions"}],"predecessor-version":[{"id":391,"href":"https:\/\/shakuhachi.fi\/ja\/wp-json\/wp\/v2\/pages\/390\/revisions\/391"}],"wp:attachment":[{"href":"https:\/\/shakuhachi.fi\/ja\/wp-json\/wp\/v2\/media?parent=390"}],"curies":[{"name":"wp","href":"https:\/\/api.w.org\/{rel}","templated":true}]}}