{"id":751,"date":"2025-06-12T16:34:01","date_gmt":"2025-06-12T13:34:01","guid":{"rendered":"https:\/\/shakuhachi.fi\/?page_id=751"},"modified":"2025-08-12T08:57:45","modified_gmt":"2025-08-12T05:57:45","slug":"japanilaisen-musiikin-kesakurssi-kangasalla","status":"publish","type":"page","link":"https:\/\/shakuhachi.fi\/ja\/japanilaisen-musiikin-kesakurssi-kangasalla\/","title":{"rendered":"Japanilaisen musiikin kes\u00e4kurssi Kangasalla"},"content":{"rendered":"<h3 class=\"wp-block-heading\" id=\"block-dd279699-91df-4ba1-b87a-eef9b6c0e49f\">18.-20.7. Japanilaisen musiikin kes\u00e4kurssi Kangasalla<\/h3>\n\n\n\n<p>Yhdistyksen j\u00e4rjest\u00e4m\u00e4 kes\u00e4leiri \/ kurssi j\u00e4rjestettiin Kangasalla, Tampereen l\u00e4hell\u00e4. Vierailevana opettajana <a href=\"https:\/\/www.robintamura.com\/\" data-type=\"link\" data-id=\"https:\/\/www.robintamura.com\/\">Robin Tamura<\/a>.<\/p>\n\n\n\n<figure class=\"wp-block-gallery has-nested-images columns-default is-cropped wp-block-gallery-1 is-layout-flex wp-block-gallery-is-layout-flex\">\n<figure class=\"wp-block-image size-large\"><img loading=\"lazy\" decoding=\"async\" width=\"831\" height=\"946\" data-id=\"773\" src=\"https:\/\/shakuhachi.fi\/wp-content\/uploads\/2025\/07\/SkGT_N_E-1.jpg\" alt=\"\" class=\"wp-image-773\" srcset=\"https:\/\/shakuhachi.fi\/wp-content\/uploads\/2025\/07\/SkGT_N_E-1.jpg 831w, https:\/\/shakuhachi.fi\/wp-content\/uploads\/2025\/07\/SkGT_N_E-1-264x300.jpg 264w, https:\/\/shakuhachi.fi\/wp-content\/uploads\/2025\/07\/SkGT_N_E-1-768x874.jpg 768w, https:\/\/shakuhachi.fi\/wp-content\/uploads\/2025\/07\/SkGT_N_E-1-11x12.jpg 11w\" sizes=\"auto, (max-width: 831px) 100vw, 831px\" \/><\/figure>\n\n\n\n<figure class=\"wp-block-image size-large\"><img loading=\"lazy\" decoding=\"async\" width=\"912\" height=\"1024\" data-id=\"765\" src=\"https:\/\/shakuhachi.fi\/wp-content\/uploads\/2025\/07\/image-912x1024.png\" alt=\"\" class=\"wp-image-765\" srcset=\"https:\/\/shakuhachi.fi\/wp-content\/uploads\/2025\/07\/image-912x1024.png 912w, https:\/\/shakuhachi.fi\/wp-content\/uploads\/2025\/07\/image-267x300.png 267w, https:\/\/shakuhachi.fi\/wp-content\/uploads\/2025\/07\/image-768x862.png 768w, https:\/\/shakuhachi.fi\/wp-content\/uploads\/2025\/07\/image-11x12.png 11w, https:\/\/shakuhachi.fi\/wp-content\/uploads\/2025\/07\/image.png 920w\" sizes=\"auto, (max-width: 912px) 100vw, 912px\" \/><\/figure>\n\n\n\n<figure class=\"wp-block-image size-large\"><img loading=\"lazy\" decoding=\"async\" width=\"1024\" height=\"1024\" data-id=\"764\" src=\"https:\/\/shakuhachi.fi\/wp-content\/uploads\/2025\/07\/471535112_10228235882462463_5977391677804528973_n-1024x1024.jpg\" alt=\"\" class=\"wp-image-764\" srcset=\"https:\/\/shakuhachi.fi\/wp-content\/uploads\/2025\/07\/471535112_10228235882462463_5977391677804528973_n-1024x1024.jpg 1024w, https:\/\/shakuhachi.fi\/wp-content\/uploads\/2025\/07\/471535112_10228235882462463_5977391677804528973_n-300x300.jpg 300w, https:\/\/shakuhachi.fi\/wp-content\/uploads\/2025\/07\/471535112_10228235882462463_5977391677804528973_n-150x150.jpg 150w, https:\/\/shakuhachi.fi\/wp-content\/uploads\/2025\/07\/471535112_10228235882462463_5977391677804528973_n-768x768.jpg 768w, https:\/\/shakuhachi.fi\/wp-content\/uploads\/2025\/07\/471535112_10228235882462463_5977391677804528973_n-1536x1536.jpg 1536w, https:\/\/shakuhachi.fi\/wp-content\/uploads\/2025\/07\/471535112_10228235882462463_5977391677804528973_n-12x12.jpg 12w, https:\/\/shakuhachi.fi\/wp-content\/uploads\/2025\/07\/471535112_10228235882462463_5977391677804528973_n.jpg 2048w\" sizes=\"auto, (max-width: 1024px) 100vw, 1024px\" \/><\/figure>\n<\/figure>\n\n\n\n<p>T\u00e4n\u00e4 vuonna mukana my\u00f6s <a href=\"https:\/\/www.instagram.com\/zuiko_shyamisen\/\" data-type=\"link\" data-id=\"https:\/\/www.instagram.com\/zuiko_shyamisen\/\">tsugaru-shamisenin soittaja Zuiko<\/a> ja t\u00e4ll\u00e4 kertaa leiriin sis\u00e4ltyy my\u00f6s <a href=\"https:\/\/shakuhachi.fi\/ja\/19july25_concert\/\" data-type=\"link\" data-id=\"https:\/\/shakuhachi.fi\/19july25_concert\/\">konsertti Kangasalan kirkossa.<\/a><\/p>\n\n\n\n<p>Paikka: <a href=\"https:\/\/www.kangasala.fi\/hyvinvointi-ja-vapaa-aika\/vuokrattavat-tilat-ja-paikat\/kuvia\/vahderpaa\/\">Vahderp\u00e4\u00e4n vapaa-aikakeskus<\/a>, Vahderp\u00e4\u00e4ntie 84, 36200 Kangasala <\/p>\n\n\n\n<p>(konsertti: Kangasalan kirkko, Ainontie 1, 36200 Kangasala, 19. lauantaina, klo 18 alkaen. Ilmainen p\u00e4\u00e4sy)<\/p>\n\n\n\n<p>Ilmoittautuminen mielell\u00e4\u00e4n mahdollisimman ajoissa osoitteeseen info@shakuhachi.fi -mutta viime hetkell\u00e4kin ilmoittamalla p\u00e4\u00e4see mukaan, majoittumiseen on tilaa runsaasti.<\/p>\n\n\n\n<p>Kurssin hinta: 150 eur + ruokakulut 30eur \/hnk mik\u00e4li osallistuu etuk\u00e4teen tilattavaan ruokatarviketilaukseen. (vegaaninen ruokailu valmistetaan vapaaehtoisten osallistujien toimesta, halutessaan saa toki tuoda mit\u00e4 vaan ruokia t\u00e4ydennykseksi tai t\u00e4ysin omat ateriat) &#8211; j\u00e4\u00e4kaapissa on runsaasti tilaa ja hyvin varusteltu keitti\u00f6 on k\u00e4ytett\u00e4viss\u00e4.<\/p>\n\n\n\n<p><\/p>\n\n\n\n<p><\/p>","protected":false},"excerpt":{"rendered":"<p>18.-20.7. Japanilaisen musiikin kes\u00e4kurssi Kangasalla Yhdistyksen j\u00e4rjest\u00e4m\u00e4 kes\u00e4leiri \/ kurssi j\u00e4rjestettiin Kangasalla, Tampereen l\u00e4hell\u00e4. Vierailevana opettajana Robin Tamura. T\u00e4n\u00e4 vuonna mukana my\u00f6s tsugaru-shamisenin soittaja Zuiko ja t\u00e4ll\u00e4 kertaa leiriin sis\u00e4ltyy my\u00f6s konsertti Kangasalan kirkossa. Paikka: Vahderp\u00e4\u00e4n vapaa-aikakeskus, Vahderp\u00e4\u00e4ntie 84, 36200 Kangasala (konsertti: Kangasalan kirkko, Ainontie 1, 36200 Kangasala, 19. lauantaina, klo 18 alkaen. Ilmainen p\u00e4\u00e4sy) Ilmoittautuminen mielell\u00e4\u00e4n mahdollisimman ajoissa osoitteeseen info@shakuhachi.fi -mutta viime hetkell\u00e4kin ilmoittamalla p\u00e4\u00e4see mukaan, majoittumiseen on tilaa runsaasti. Kurssin hinta: 150 eur + ruokakulut 30eur \/hnk mik\u00e4li osallistuu etuk\u00e4teen tilattavaan ruokatarviketilaukseen. (vegaaninen ruokailu valmistetaan vapaaehtoisten osallistujien toimesta, halutessaan saa toki tuoda mit\u00e4 vaan ruokia t\u00e4ydennykseksi tai t\u00e4ysin omat ateriat) &#8211; j\u00e4\u00e4kaapissa on runsaasti tilaa ja hyvin varusteltu<\/p><\/div>\n<div class=\"blog-btn\"><a href=\"https:\/\/shakuhachi.fi\/ja\/japanilaisen-musiikin-kesakurssi-kangasalla\/\" class=\"home-blog-btn\">\u7d9a\u304d\u3092\u8aad\u3080<\/a><\/p>","protected":false},"author":2,"featured_media":0,"parent":0,"menu_order":0,"comment_status":"closed","ping_status":"closed","template":"","meta":{"footnotes":""},"class_list":["post-751","page","type-page","status-publish","hentry"],"_links":{"self":[{"href":"https:\/\/shakuhachi.fi\/ja\/wp-json\/wp\/v2\/pages\/751","targetHints":{"allow":["GET"]}}],"collection":[{"href":"https:\/\/shakuhachi.fi\/ja\/wp-json\/wp\/v2\/pages"}],"about":[{"href":"https:\/\/shakuhachi.fi\/ja\/wp-json\/wp\/v2\/types\/page"}],"author":[{"embeddable":true,"href":"https:\/\/shakuhachi.fi\/ja\/wp-json\/wp\/v2\/users\/2"}],"replies":[{"embeddable":true,"href":"https:\/\/shakuhachi.fi\/ja\/wp-json\/wp\/v2\/comments?post=751"}],"version-history":[{"count":11,"href":"https:\/\/shakuhachi.fi\/ja\/wp-json\/wp\/v2\/pages\/751\/revisions"}],"predecessor-version":[{"id":783,"href":"https:\/\/shakuhachi.fi\/ja\/wp-json\/wp\/v2\/pages\/751\/revisions\/783"}],"wp:attachment":[{"href":"https:\/\/shakuhachi.fi\/ja\/wp-json\/wp\/v2\/media?parent=751"}],"curies":[{"name":"wp","href":"https:\/\/api.w.org\/{rel}","templated":true}]}}