{"id":762,"date":"2025-07-13T20:15:55","date_gmt":"2025-07-13T17:15:55","guid":{"rendered":"https:\/\/shakuhachi.fi\/?page_id=762"},"modified":"2025-07-15T19:58:04","modified_gmt":"2025-07-15T16:58:04","slug":"19july25_concert","status":"publish","type":"page","link":"https:\/\/shakuhachi.fi\/ja\/19july25_concert\/","title":{"rendered":"Japanilaisen musiikin konsertti Kangasalan kirkossa 19. hein\u00e4kuuta 2025"},"content":{"rendered":"<p>18.-20.7.2025 Kangasalla j\u00e4rjestett\u00e4v\u00e4n japanilaisen musiikin kes\u00e4kurssin yhteyteen j\u00e4rjest\u00e4mme 19.7. lauantaina klo 18:00 Kangasalan kirkossa konsertin. Konsertissa esitet\u00e4\u00e4n perinteist\u00e4 shakuhachimusiikkia Ueda- ja Kinko-ryu -suuntauksista, r\u00e4v\u00e4kk\u00e4\u00e4 tsugaru-shamisen -musiikkia perinteit\u00e4 ja modernia s\u00e4v\u00e4yst\u00e4 yhdist\u00e4en taiko-rummuilla s\u00e4estettyn\u00e4, sek\u00e4 japanilaista minyo-kansanlaulua moderneina sovituksina.<\/p>\n\n\n\n<p>Vapaa p\u00e4\u00e4sy, k\u00e4siohjelmat 15 eur.<\/p>\n\n\n\n<p>P\u00e4\u00e4esiintyj\u00e4t: (kts. linkit nimiss\u00e4 joiden kautta voi tutustua musiikkiin, jollaista soitamme)<\/p>\n\n\n\n<figure class=\"wp-block-image size-large is-resized\"><img loading=\"lazy\" decoding=\"async\" width=\"1024\" height=\"1024\" src=\"https:\/\/shakuhachi.fi\/wp-content\/uploads\/2025\/07\/471535112_10228235882462463_5977391677804528973_n-1024x1024.jpg\" alt=\"\" class=\"wp-image-764\" style=\"width:249px;height:auto\" srcset=\"https:\/\/shakuhachi.fi\/wp-content\/uploads\/2025\/07\/471535112_10228235882462463_5977391677804528973_n-1024x1024.jpg 1024w, https:\/\/shakuhachi.fi\/wp-content\/uploads\/2025\/07\/471535112_10228235882462463_5977391677804528973_n-300x300.jpg 300w, https:\/\/shakuhachi.fi\/wp-content\/uploads\/2025\/07\/471535112_10228235882462463_5977391677804528973_n-150x150.jpg 150w, https:\/\/shakuhachi.fi\/wp-content\/uploads\/2025\/07\/471535112_10228235882462463_5977391677804528973_n-768x768.jpg 768w, https:\/\/shakuhachi.fi\/wp-content\/uploads\/2025\/07\/471535112_10228235882462463_5977391677804528973_n-1536x1536.jpg 1536w, https:\/\/shakuhachi.fi\/wp-content\/uploads\/2025\/07\/471535112_10228235882462463_5977391677804528973_n-12x12.jpg 12w, https:\/\/shakuhachi.fi\/wp-content\/uploads\/2025\/07\/471535112_10228235882462463_5977391677804528973_n.jpg 2048w\" sizes=\"auto, (max-width: 1024px) 100vw, 1024px\" \/><\/figure>\n\n\n\n<p><a href=\"https:\/\/www.youtube.com\/@SenzuiHaavisto\">Aaro Haavisto<\/a>, shakuhachi, taiko-rummut<\/p>\n\n\n\n<figure class=\"wp-block-image size-full is-resized\"><img loading=\"lazy\" decoding=\"async\" width=\"831\" height=\"946\" src=\"https:\/\/shakuhachi.fi\/wp-content\/uploads\/2025\/07\/SkGT_N_E.jpg\" alt=\"\" class=\"wp-image-763\" style=\"width:246px;height:auto\" srcset=\"https:\/\/shakuhachi.fi\/wp-content\/uploads\/2025\/07\/SkGT_N_E.jpg 831w, https:\/\/shakuhachi.fi\/wp-content\/uploads\/2025\/07\/SkGT_N_E-264x300.jpg 264w, https:\/\/shakuhachi.fi\/wp-content\/uploads\/2025\/07\/SkGT_N_E-768x874.jpg 768w, https:\/\/shakuhachi.fi\/wp-content\/uploads\/2025\/07\/SkGT_N_E-11x12.jpg 11w\" sizes=\"auto, (max-width: 831px) 100vw, 831px\" \/><\/figure>\n\n\n\n<p><a href=\"https:\/\/www.robintamura.com\/\">Robin Tamura<\/a>, shakuhachi<\/p>\n\n\n\n<figure class=\"wp-block-image size-large is-resized\"><img loading=\"lazy\" decoding=\"async\" width=\"912\" height=\"1024\" src=\"https:\/\/shakuhachi.fi\/wp-content\/uploads\/2025\/07\/image-912x1024.png\" alt=\"\" class=\"wp-image-765\" style=\"width:248px;height:auto\" srcset=\"https:\/\/shakuhachi.fi\/wp-content\/uploads\/2025\/07\/image-912x1024.png 912w, https:\/\/shakuhachi.fi\/wp-content\/uploads\/2025\/07\/image-267x300.png 267w, https:\/\/shakuhachi.fi\/wp-content\/uploads\/2025\/07\/image-768x862.png 768w, https:\/\/shakuhachi.fi\/wp-content\/uploads\/2025\/07\/image-11x12.png 11w, https:\/\/shakuhachi.fi\/wp-content\/uploads\/2025\/07\/image.png 920w\" sizes=\"auto, (max-width: 912px) 100vw, 912px\" \/><\/figure>\n\n\n\n<p><a href=\"https:\/\/www.instagram.com\/zuiko_shyamisen\/\" data-type=\"link\" data-id=\"https:\/\/www.instagram.com\/zuiko_shyamisen\/\">Zuiko<\/a>, tsugaru-shamisen<\/p>\n\n\n\n<p>Sek\u00e4 mahdollisesti my\u00f6s kes\u00e4kurssin osallistujia esiintym\u00e4ss\u00e4.<\/p>\n\n\n\n<p><\/p>","protected":false},"excerpt":{"rendered":"<p>18.-20.7.2025 Kangasalla j\u00e4rjestett\u00e4v\u00e4n japanilaisen musiikin kes\u00e4kurssin yhteyteen j\u00e4rjest\u00e4mme 19.7. lauantaina klo 18:00 Kangasalan kirkossa konsertin. Konsertissa esitet\u00e4\u00e4n perinteist\u00e4 shakuhachimusiikkia Ueda- ja Kinko-ryu -suuntauksista, r\u00e4v\u00e4kk\u00e4\u00e4 tsugaru-shamisen -musiikkia perinteit\u00e4 ja modernia s\u00e4v\u00e4yst\u00e4 yhdist\u00e4en taiko-rummuilla s\u00e4estettyn\u00e4, sek\u00e4 japanilaista minyo-kansanlaulua moderneina sovituksina. Vapaa p\u00e4\u00e4sy, k\u00e4siohjelmat 15 eur. P\u00e4\u00e4esiintyj\u00e4t: (kts. linkit nimiss\u00e4 joiden kautta voi tutustua musiikkiin, jollaista soitamme) Aaro Haavisto, shakuhachi, taiko-rummut Robin Tamura, shakuhachi Zuiko, tsugaru-shamisen Sek\u00e4 mahdollisesti my\u00f6s kes\u00e4kurssin osallistujia esiintym\u00e4ss\u00e4.<\/p>","protected":false},"author":2,"featured_media":0,"parent":0,"menu_order":0,"comment_status":"closed","ping_status":"closed","template":"","meta":{"footnotes":""},"class_list":["post-762","page","type-page","status-publish","hentry"],"_links":{"self":[{"href":"https:\/\/shakuhachi.fi\/ja\/wp-json\/wp\/v2\/pages\/762","targetHints":{"allow":["GET"]}}],"collection":[{"href":"https:\/\/shakuhachi.fi\/ja\/wp-json\/wp\/v2\/pages"}],"about":[{"href":"https:\/\/shakuhachi.fi\/ja\/wp-json\/wp\/v2\/types\/page"}],"author":[{"embeddable":true,"href":"https:\/\/shakuhachi.fi\/ja\/wp-json\/wp\/v2\/users\/2"}],"replies":[{"embeddable":true,"href":"https:\/\/shakuhachi.fi\/ja\/wp-json\/wp\/v2\/comments?post=762"}],"version-history":[{"count":2,"href":"https:\/\/shakuhachi.fi\/ja\/wp-json\/wp\/v2\/pages\/762\/revisions"}],"predecessor-version":[{"id":778,"href":"https:\/\/shakuhachi.fi\/ja\/wp-json\/wp\/v2\/pages\/762\/revisions\/778"}],"wp:attachment":[{"href":"https:\/\/shakuhachi.fi\/ja\/wp-json\/wp\/v2\/media?parent=762"}],"curies":[{"name":"wp","href":"https:\/\/api.w.org\/{rel}","templated":true}]}}